{"id":1545,"date":"2025-05-09T09:31:17","date_gmt":"2025-05-09T09:31:17","guid":{"rendered":"https:\/\/goldlinetyres.com\/goldline-glw1\/"},"modified":"2025-05-16T13:10:09","modified_gmt":"2025-05-16T13:10:09","slug":"goldline-glw1","status":"publish","type":"page","link":"https:\/\/goldlinetyres.com\/fr\/pneus-hiver\/goldline-glw1\/","title":{"rendered":"Goldline glw1"},"content":{"rendered":"<p>[et_pb_section fb_built=\u00a0\u00bb1&Prime; custom_padding_last_edited=\u00a0\u00bbon|phone\u00a0\u00bb _builder_version=\u00a0\u00bb4.27.4&Prime; _module_preset=\u00a0\u00bbdefault\u00a0\u00bb background_image=\u00a0\u00bbhttps:\/\/goldlinetyres.com\/wp-content\/uploads\/2025\/05\/pneus-hiver-goldline.jpg\u00a0\u00bb background_position=\u00a0\u00bbbottom_left\u00a0\u00bb custom_padding=\u00a0\u00bb8%||8%||true|false\u00a0\u00bb custom_padding_tablet=\u00a0\u00bb8%||8%||true|false\u00a0\u00bb custom_padding_phone=\u00a0\u00bb12%||12%||true|false\u00a0\u00bb background_last_edited=\u00a0\u00bbon|phone\u00a0\u00bb use_background_color_gradient_phone=\u00a0\u00bbon\u00a0\u00bb background_color_gradient_stops_phone=\u00a0\u00bbrgba(110,110,109,0.6) 0%|rgba(110,110,109,0.6) 100%\u00a0\u00bb border_color_top=\u00a0\u00bb#f7a600&Prime; global_colors_info=\u00a0\u00bb{}\u00a0\u00bb][\/et_pb_section][et_pb_section fb_built=\u00a0\u00bb1&Prime; disabled_on=\u00a0\u00bbon|off|off\u00a0\u00bb _builder_version=\u00a0\u00bb4.24.1&Prime; _module_preset=\u00a0\u00bbdefault\u00a0\u00bb background_color=\u00a0\u00bb#000000&Prime; custom_padding=\u00a0\u00bb8px||6px||false|false\u00a0\u00bb global_colors_info=\u00a0\u00bb{}\u00a0\u00bb][et_pb_row column_structure=\u00a0\u00bb1_3,1_3,1_3&Prime; use_custom_gutter=\u00a0\u00bbon\u00a0\u00bb _builder_version=\u00a0\u00bb4.27.4&Prime; _module_preset=\u00a0\u00bbdefault\u00a0\u00bb max_width=\u00a0\u00bb1280px\u00a0\u00bb global_colors_info=\u00a0\u00bb{}\u00a0\u00bb][et_pb_column type=\u00a0\u00bb1_3&Prime; _builder_version=\u00a0\u00bb4.20.4&Prime; _module_preset=\u00a0\u00bbdefault\u00a0\u00bb global_colors_info=\u00a0\u00bb{}\u00a0\u00bb][et_pb_blurb title=\u00a0\u00bbPour toutes les saisons\u00a0\u00bb image=\u00a0\u00bbhttps:\/\/goldlinetyres.com\/wp-content\/uploads\/2025\/05\/ico-star.png\u00a0\u00bb alt=\u00a0\u00bbGoldline\u00a0\u00bb icon_placement=\u00a0\u00bbleft\u00a0\u00bb image_icon_width=\u00a0\u00bb26px\u00a0\u00bb _builder_version=\u00a0\u00bb4.27.4&Prime; _module_preset=\u00a0\u00bbdefault\u00a0\u00bb header_font=\u00a0\u00bb|700|on|on|||||\u00a0\u00bb header_text_color=\u00a0\u00bb#f7a600&Prime; header_font_size=\u00a0\u00bb20px\u00a0\u00bb body_text_color=\u00a0\u00bb#FFFFFF\u00a0\u00bb body_font_size=\u00a0\u00bb16px\u00a0\u00bb animation=\u00a0\u00bboff\u00a0\u00bb global_colors_info=\u00a0\u00bb{}\u00a0\u00bb]<\/p>\n<p>Ma\u00eetrisez toujours la route avec les pneus \u00e9t\u00e9, toutes saisons et hiver de Goldline.<\/p>\n<p>[\/et_pb_blurb][\/et_pb_column][et_pb_column type=\u00a0\u00bb1_3&Prime; _builder_version=\u00a0\u00bb4.20.4&Prime; _module_preset=\u00a0\u00bbdefault\u00a0\u00bb global_colors_info=\u00a0\u00bb{}\u00a0\u00bb][et_pb_blurb title=\u00a0\u00bbGamme compl\u00e8te\u00a0\u00bb image=\u00a0\u00bbhttps:\/\/goldlinetyres.com\/wp-content\/uploads\/2025\/05\/ico-star.png\u00a0\u00bb alt=\u00a0\u00bbGoldline\u00a0\u00bb icon_placement=\u00a0\u00bbleft\u00a0\u00bb image_icon_width=\u00a0\u00bb26px\u00a0\u00bb _builder_version=\u00a0\u00bb4.27.4&Prime; _module_preset=\u00a0\u00bbdefault\u00a0\u00bb header_font=\u00a0\u00bb|700|on|on|||||\u00a0\u00bb header_text_color=\u00a0\u00bb#f7a600&Prime; header_font_size=\u00a0\u00bb20px\u00a0\u00bb body_text_color=\u00a0\u00bb#FFFFFF\u00a0\u00bb body_font_size=\u00a0\u00bb16px\u00a0\u00bb animation=\u00a0\u00bboff\u00a0\u00bb global_colors_info=\u00a0\u00bb{}\u00a0\u00bb]<\/p>\n<p>PCR, UHP, 4\u00d74 &amp; LT \u2013 le bon pneu pour chaque v\u00e9hicule.<\/p>\n<p>[\/et_pb_blurb][\/et_pb_column][et_pb_column type=\u00a0\u00bb1_3&Prime; _builder_version=\u00a0\u00bb4.20.4&Prime; _module_preset=\u00a0\u00bbdefault\u00a0\u00bb global_colors_info=\u00a0\u00bb{}\u00a0\u00bb][et_pb_blurb title=\u00a0\u00bbPrix \/ qualit\u00e9\u00a0\u00bb image=\u00a0\u00bbhttps:\/\/goldlinetyres.com\/wp-content\/uploads\/2025\/05\/icon-star.png\u00a0\u00bb icon_placement=\u00a0\u00bbleft\u00a0\u00bb image_icon_width=\u00a0\u00bb26px\u00a0\u00bb _builder_version=\u00a0\u00bb4.27.4&Prime; _module_preset=\u00a0\u00bbdefault\u00a0\u00bb header_font=\u00a0\u00bb|700|on|on|||||\u00a0\u00bb header_text_color=\u00a0\u00bb#f7a600&Prime; header_font_size=\u00a0\u00bb20px\u00a0\u00bb body_text_color=\u00a0\u00bb#FFFFFF\u00a0\u00bb body_font_size=\u00a0\u00bb16px\u00a0\u00bb animation=\u00a0\u00bboff\u00a0\u00bb global_colors_info=\u00a0\u00bb{}\u00a0\u00bb]<\/p>\n<p>Goldline propose des pneus de qualit\u00e9 \u00e0 un prix attractif.<\/p>\n<p>[\/et_pb_blurb][\/et_pb_column][\/et_pb_row][\/et_pb_section][et_pb_section fb_built=\u00a0\u00bb1&Prime; _builder_version=\u00a0\u00bb4.24.1&Prime; _module_preset=\u00a0\u00bbdefault\u00a0\u00bb background_enable_color=\u00a0\u00bboff\u00a0\u00bb background_enable_image=\u00a0\u00bboff\u00a0\u00bb custom_padding=\u00a0\u00bb4%||4%||true|false\u00a0\u00bb border_color_bottom=\u00a0\u00bb#f7a600&Prime; global_colors_info=\u00a0\u00bb{}\u00a0\u00bb][et_pb_row column_structure=\u00a0\u00bb1_3,2_3&Prime; use_custom_gutter=\u00a0\u00bbon\u00a0\u00bb _builder_version=\u00a0\u00bb4.27.4&Prime; _module_preset=\u00a0\u00bbdefault\u00a0\u00bb max_width=\u00a0\u00bb1280px\u00a0\u00bb global_colors_info=\u00a0\u00bb{}\u00a0\u00bb][et_pb_column type=\u00a0\u00bb1_3&Prime; _builder_version=\u00a0\u00bb4.27.4&Prime; _module_preset=\u00a0\u00bbdefault\u00a0\u00bb custom_padding=\u00a0\u00bb6%||||false|false\u00a0\u00bb custom_padding_tablet=\u00a0\u00bb6%||20%||false|false\u00a0\u00bb custom_padding_phone=\u00a0\u00bb6%||0%||false|false\u00a0\u00bb custom_padding_last_edited=\u00a0\u00bbon|phone\u00a0\u00bb sticky_limit_bottom=\u00a0\u00bbbody\u00a0\u00bb sticky_position_tablet=\u00a0\u00bbtop\u00a0\u00bb sticky_position_phone=\u00a0\u00bbnone\u00a0\u00bb sticky_position_last_edited=\u00a0\u00bbon|phone\u00a0\u00bb global_colors_info=\u00a0\u00bb{}\u00a0\u00bb][et_pb_image src=\u00a0\u00bbhttps:\/\/goldlinetyres.com\/wp-content\/uploads\/2025\/05\/goldline-glw1.png\u00a0\u00bb alt=\u00a0\u00bbGoldline glw1&Prime; title_text=\u00a0\u00bbGoldline glw1&Prime; _builder_version=\u00a0\u00bb4.27.4&Prime; _module_preset=\u00a0\u00bbdefault\u00a0\u00bb border_width_right=\u00a0\u00bb1px\u00a0\u00bb border_color_right=\u00a0\u00bb#706f6f\u00a0\u00bb border_color_bottom=\u00a0\u00bb#000000&Prime; global_colors_info=\u00a0\u00bb{}\u00a0\u00bb][\/et_pb_image][et_pb_text _builder_version=\u00a0\u00bb4.27.4&Prime; _module_preset=\u00a0\u00bbdefault\u00a0\u00bb header_3_font=\u00a0\u00bbOpen Sans|700|||||||\u00a0\u00bb header_3_text_align=\u00a0\u00bbleft\u00a0\u00bb header_3_text_color=\u00a0\u00bb#FFFFFF\u00a0\u00bb background_color=\u00a0\u00bb#f7a600&Prime; max_width=\u00a0\u00bb80%\u00a0\u00bb custom_margin=\u00a0\u00bb||4%||false|false\u00a0\u00bb custom_padding=\u00a0\u00bb10px||1px|5%|false|false\u00a0\u00bb global_colors_info=\u00a0\u00bb{}\u00a0\u00bb]<\/p>\n<h3>Goldline glw1<\/h3>\n<p>[\/et_pb_text][et_pb_text _builder_version=\u00a0\u00bb4.27.4&Prime; _module_preset=\u00a0\u00bbdefault\u00a0\u00bb text_font=\u00a0\u00bb|600||on|||||\u00a0\u00bb text_text_color=\u00a0\u00bb#FFFFFF\u00a0\u00bb text_font_size=\u00a0\u00bb18px\u00a0\u00bb header_font=\u00a0\u00bb|700|||||||\u00a0\u00bb background_color=\u00a0\u00bb#706f6f\u00a0\u00bb custom_padding=\u00a0\u00bb7px||6px|5%|false|false\u00a0\u00bb global_colors_info=\u00a0\u00bb{}\u00a0\u00bb]Caract\u00e9ristiques &#038; avantages[\/et_pb_text][et_pb_blurb alt=\u00a0\u00bbGoldline winterbanden\u00a0\u00bb image_icon_width=\u00a0\u00bb38%\u00a0\u00bb module_id=\u00a0\u00bbhome-list\u00a0\u00bb _builder_version=\u00a0\u00bb4.27.4&Prime; _module_preset=\u00a0\u00bbdefault\u00a0\u00bb header_font=\u00a0\u00bb|700||on|||||\u00a0\u00bb header_text_align=\u00a0\u00bbcenter\u00a0\u00bb header_font_size=\u00a0\u00bb22px\u00a0\u00bb body_text_align=\u00a0\u00bbleft\u00a0\u00bb body_font_size=\u00a0\u00bb16px\u00a0\u00bb body_line_height=\u00a0\u00bb2em\u00a0\u00bb body_ul_font_size=\u00a0\u00bb16px\u00a0\u00bb body_ul_line_height=\u00a0\u00bb2em\u00a0\u00bb custom_margin=\u00a0\u00bb||2%||false|false\u00a0\u00bb custom_padding=\u00a0\u00bb||0px||false|false\u00a0\u00bb global_colors_info=\u00a0\u00bb{}\u00a0\u00bb]<\/p>\n<ul>\n<li>Am\u00e9liorer le freinage, l\u2019adh\u00e9rence dans les virages et l\u2019\u00e9limination de l\u2019eau et de la neige fondante.<\/li>\n<li>Procure une excellente traction et r\u00e9duit la r\u00e9sistance au roulement.<\/li>\n<li>Am\u00e9liore l\u2019\u00e9vacuation de l\u2019eau et la stabilit\u00e9 dans des conditions de neige profonde.<\/li>\n<\/ul>\n<p>[\/et_pb_blurb][et_pb_button button_url=\u00a0\u00bbhttps:\/\/goldlinetyres.com\/wp-content\/uploads\/2025\/05\/Goldline-brochure-FR.pdf\u00a0\u00bb url_new_window=\u00a0\u00bbon\u00a0\u00bb button_text=\u00a0\u00bbT\u00e9l\u00e9charger la brochure\u00a0\u00bb button_alignment=\u00a0\u00bbleft\u00a0\u00bb _builder_version=\u00a0\u00bb4.27.4&Prime; _module_preset=\u00a0\u00bbdefault\u00a0\u00bb custom_button=\u00a0\u00bbon\u00a0\u00bb button_text_size=\u00a0\u00bb16px\u00a0\u00bb button_text_color=\u00a0\u00bb#FFFFFF\u00a0\u00bb button_bg_color=\u00a0\u00bb#000000&Prime; button_border_color=\u00a0\u00bb#000000&Prime; button_border_radius=\u00a0\u00bb4px\u00a0\u00bb button_font=\u00a0\u00bbOpen Sans|700||on|||||\u00a0\u00bb button_use_icon=\u00a0\u00bboff\u00a0\u00bb custom_margin=\u00a0\u00bb||||false|false\u00a0\u00bb custom_padding=\u00a0\u00bb3%||3%||true|true\u00a0\u00bb global_colors_info=\u00a0\u00bb{}\u00a0\u00bb button_text_color__hover_enabled=\u00a0\u00bbon|hover\u00a0\u00bb button_text_color__hover=\u00a0\u00bb#000000&Prime; button_bg_color__hover_enabled=\u00a0\u00bbon|hover\u00a0\u00bb button_bg_color__hover=\u00a0\u00bb#c4c4c4&Prime; button_bg_enable_color__hover=\u00a0\u00bbon\u00a0\u00bb button_border_color__hover_enabled=\u00a0\u00bbon|hover\u00a0\u00bb button_border_color__hover=\u00a0\u00bb#c4c4c4&Prime;][\/et_pb_button][\/et_pb_column][et_pb_column type=\u00a0\u00bb2_3&Prime; _builder_version=\u00a0\u00bb4.20.4&Prime; _module_preset=\u00a0\u00bbdefault\u00a0\u00bb global_colors_info=\u00a0\u00bb{}\u00a0\u00bb][et_pb_text _builder_version=\u00a0\u00bb4.27.4&Prime; _module_preset=\u00a0\u00bbdefault\u00a0\u00bb global_colors_info=\u00a0\u00bb{}\u00a0\u00bb]\n<table id=\"tablepress-5\" class=\"tablepress tablepress-id-5\">\n<thead>\n<tr class=\"row-1\">\n\t<th class=\"column-1\">SIZE<\/th><th class=\"column-2\">XL<\/th><th class=\"column-3\">LI<\/th><th class=\"column-4\">SI<\/th><th class=\"column-5\"><img decoding=\"async\" src=\"https:\/\/goldlinetyres.com\/wp-content\/uploads\/2024\/02\/ico-fuel.png\" \/><\/th><th class=\"column-6\"><img decoding=\"async\" src=\"https:\/\/goldlinetyres.com\/wp-content\/uploads\/2024\/02\/ico-wet.png\" \/><\/th><th class=\"column-7\"><img decoding=\"async\" src=\"https:\/\/goldlinetyres.com\/wp-content\/uploads\/2024\/02\/ico-noise.png\" \/><\/th><th class=\"column-8\"><img decoding=\"async\" src=\"https:\/\/goldlinetyres.com\/wp-content\/uploads\/2024\/02\/ico-grip-snow.png\" \/><\/th><th class=\"column-9\">EPREL<\/th>\n<\/tr>\n<\/thead>\n<tbody class=\"row-striping row-hover\">\n<tr class=\"row-2\">\n\t<td class=\"column-1\"><strong> 70 Series<\/strong><\/td><td class=\"column-2\"><\/td><td class=\"column-3\"><\/td><td class=\"column-4\"><\/td><td class=\"column-5\"><\/td><td class=\"column-6\"><\/td><td class=\"column-7\"><\/td><td class=\"column-8\"><\/td><td class=\"column-9\"><\/td>\n<\/tr>\n<tr class=\"row-3\">\n\t<td class=\"column-1\">165\/70TR13<br \/>\n<\/td><td class=\"column-2\"><\/td><td class=\"column-3\">79<\/td><td class=\"column-4\">T<\/td><td class=\"column-5\">E<\/td><td class=\"column-6\">D<\/td><td class=\"column-7\">71B <\/td><td class=\"column-8\"><i class=\"fa fa-check\" aria-hidden=\"true\"><\/i><\/td><td class=\"column-9\"><a href=\"https:\/\/eprel.ec.europa.eu\/screen\/product\/tyres\/771250\" target=\"_blank\" rel=\"noopener\">Database<\/a><\/td>\n<\/tr>\n<tr class=\"row-4\">\n\t<td class=\"column-1\">165\/70TR14<\/td><td class=\"column-2\"><\/td><td class=\"column-3\">81<\/td><td class=\"column-4\">T<\/td><td class=\"column-5\">E<\/td><td class=\"column-6\">D<\/td><td class=\"column-7\">71B<\/td><td class=\"column-8\"><i class=\"fa fa-check\" aria-hidden=\"true\"><\/i><\/td><td class=\"column-9\"><a href=\"https:\/\/eprel.ec.europa.eu\/screen\/product\/tyres\/771253\" target=\"_blank\" rel=\"noopener\">Database<\/a><\/td>\n<\/tr>\n<tr class=\"row-5\">\n\t<td class=\"column-1\">175\/70TR14<\/td><td class=\"column-2\"><i class=\"fa fa-check\" aria-hidden=\"true\"><\/i><\/td><td class=\"column-3\">88<\/td><td class=\"column-4\">T<\/td><td class=\"column-5\">E<\/td><td class=\"column-6\">D<\/td><td class=\"column-7\">71B<\/td><td class=\"column-8\"><i class=\"fa fa-check\" aria-hidden=\"true\"><\/i><\/td><td class=\"column-9\"><a href=\"https:\/\/eprel.ec.europa.eu\/screen\/product\/tyres\/771254\" target=\"_blank\" rel=\"noopener\">Database<\/a><\/td>\n<\/tr>\n<tr class=\"row-6\">\n\t<td class=\"column-1\"><strong> 65 Series<\/strong><\/td><td class=\"column-2\"><\/td><td class=\"column-3\"><\/td><td class=\"column-4\"><\/td><td class=\"column-5\"><\/td><td class=\"column-6\"><\/td><td class=\"column-7\"><\/td><td class=\"column-8\"><\/td><td class=\"column-9\"><\/td>\n<\/tr>\n<tr class=\"row-7\">\n\t<td class=\"column-1\">175\/65TR14<\/td><td class=\"column-2\"><\/td><td class=\"column-3\">82<\/td><td class=\"column-4\">T<\/td><td class=\"column-5\">E<\/td><td class=\"column-6\">D<\/td><td class=\"column-7\">71B<\/td><td class=\"column-8\"><i class=\"fa fa-check\" aria-hidden=\"true\"><\/i><\/td><td class=\"column-9\"><a href=\"https:\/\/eprel.ec.europa.eu\/screen\/product\/tyres\/771239\" target=\"_blank\" rel=\"noopener\">Database<\/a><\/td>\n<\/tr>\n<tr class=\"row-8\">\n\t<td class=\"column-1\">185\/65TR14<\/td><td class=\"column-2\"><\/td><td class=\"column-3\">86<\/td><td class=\"column-4\">T<\/td><td class=\"column-5\">E<\/td><td class=\"column-6\">D<\/td><td class=\"column-7\">71B <\/td><td class=\"column-8\"><i class=\"fa fa-check\" aria-hidden=\"true\"><\/i><\/td><td class=\"column-9\"><a href=\"https:\/\/eprel.ec.europa.eu\/screen\/product\/tyres\/771240\" target=\"_blank\" rel=\"noopener\">Database<\/a><\/td>\n<\/tr>\n<tr class=\"row-9\">\n\t<td class=\"column-1\">185\/65TR15<\/td><td class=\"column-2\"><\/td><td class=\"column-3\">88<\/td><td class=\"column-4\">T<\/td><td class=\"column-5\">E<\/td><td class=\"column-6\">E<\/td><td class=\"column-7\">71B<\/td><td class=\"column-8\"><i class=\"fa fa-check\" aria-hidden=\"true\"><\/i><\/td><td class=\"column-9\"><a href=\"https:\/\/eprel.ec.europa.eu\/screen\/product\/tyres\/771242\" target=\"_blank\" rel=\"noopener\">Database<\/a><\/td>\n<\/tr>\n<tr class=\"row-10\">\n\t<td class=\"column-1\">195\/65TR15<\/td><td class=\"column-2\"><\/td><td class=\"column-3\">91<\/td><td class=\"column-4\">T<\/td><td class=\"column-5\">E<\/td><td class=\"column-6\">D<\/td><td class=\"column-7\">72B <\/td><td class=\"column-8\"><i class=\"fa fa-check\" aria-hidden=\"true\"><\/i><\/td><td class=\"column-9\"><a href=\"https:\/\/eprel.ec.europa.eu\/screen\/product\/tyres\/771243\" target=\"_blank\" rel=\"noopener\">Database<\/a><\/td>\n<\/tr>\n<tr class=\"row-11\">\n\t<td class=\"column-1\"><strong> 60 Series<\/strong><\/td><td class=\"column-2\"><\/td><td class=\"column-3\"><\/td><td class=\"column-4\"><\/td><td class=\"column-5\"><\/td><td class=\"column-6\"><\/td><td class=\"column-7\"><\/td><td class=\"column-8\"><\/td><td class=\"column-9\"><\/td>\n<\/tr>\n<tr class=\"row-12\">\n\t<td class=\"column-1\">185\/60TR14<\/td><td class=\"column-2\"><\/td><td class=\"column-3\">82<\/td><td class=\"column-4\">T<\/td><td class=\"column-5\">E<\/td><td class=\"column-6\">D<\/td><td class=\"column-7\">71B<\/td><td class=\"column-8\"><i class=\"fa fa-check\" aria-hidden=\"true\"><\/i><\/td><td class=\"column-9\"><a href=\"https:\/\/eprel.ec.europa.eu\/screen\/product\/tyres\/771227\" target=\"_blank\" rel=\"noopener\">Database<\/a><\/td>\n<\/tr>\n<tr class=\"row-13\">\n\t<td class=\"column-1\">185\/60TR15<\/td><td class=\"column-2\"><\/td><td class=\"column-3\">84<\/td><td class=\"column-4\">T<\/td><td class=\"column-5\">E<\/td><td class=\"column-6\">D<\/td><td class=\"column-7\">71B<\/td><td class=\"column-8\"><i class=\"fa fa-check\" aria-hidden=\"true\"><\/i><\/td><td class=\"column-9\"><a href=\"https:\/\/eprel.ec.europa.eu\/screen\/product\/tyres\/771230\" target=\"_blank\" rel=\"noopener\">Database<\/a><\/td>\n<\/tr>\n<tr class=\"row-14\">\n\t<td class=\"column-1\"><strong> 55 Series<\/strong><\/td><td class=\"column-2\"><\/td><td class=\"column-3\"><\/td><td class=\"column-4\"><\/td><td class=\"column-5\"><\/td><td class=\"column-6\"><\/td><td class=\"column-7\"><\/td><td class=\"column-8\"><\/td><td class=\"column-9\"><\/td>\n<\/tr>\n<tr class=\"row-15\">\n\t<td class=\"column-1\">185\/55HR15<\/td><td class=\"column-2\"><i class=\"fa fa-check\" aria-hidden=\"true\"><\/i><\/td><td class=\"column-3\">86<\/td><td class=\"column-4\">H<\/td><td class=\"column-5\">E<\/td><td class=\"column-6\">D<\/td><td class=\"column-7\">721B<\/td><td class=\"column-8\"><i class=\"fa fa-check\" aria-hidden=\"true\"><\/i><\/td><td class=\"column-9\"><a href=\"https:\/\/eprel.ec.europa.eu\/screen\/product\/tyres\/771211\" target=\"_blank\" rel=\"noopener\">Database<\/a><\/td>\n<\/tr>\n<tr class=\"row-16\">\n\t<td class=\"column-1\">195\/55HR15<\/td><td class=\"column-2\"><\/td><td class=\"column-3\">85<\/td><td class=\"column-4\">H<\/td><td class=\"column-5\">E<\/td><td class=\"column-6\">D<\/td><td class=\"column-7\">72B <\/td><td class=\"column-8\"><i class=\"fa fa-check\" aria-hidden=\"true\"><\/i><\/td><td class=\"column-9\"><a href=\"https:\/\/eprel.ec.europa.eu\/screen\/product\/tyres\/771212\" target=\"_blank\" rel=\"noopener\">Database<\/a><\/td>\n<\/tr>\n<tr class=\"row-17\">\n\t<td class=\"column-1\">205\/55HR16<\/td><td class=\"column-2\"><\/td><td class=\"column-3\">85<\/td><td class=\"column-4\">H<\/td><td class=\"column-5\">E<\/td><td class=\"column-6\">D<\/td><td class=\"column-7\">72B <\/td><td class=\"column-8\"><i class=\"fa fa-check\" aria-hidden=\"true\"><\/i><\/td><td class=\"column-9\"><a href=\"https:\/\/eprel.ec.europa.eu\/screen\/product\/tyres\/771214\" target=\"_blank\" rel=\"noopener\">Database<\/a><\/td>\n<\/tr>\n<tr class=\"row-18\">\n\t<td class=\"column-1\"><strong> 45 Series<\/strong><\/td><td class=\"column-2\"><\/td><td class=\"column-3\"><\/td><td class=\"column-4\"><\/td><td class=\"column-5\"><\/td><td class=\"column-6\"><\/td><td class=\"column-7\"><\/td><td class=\"column-8\"><\/td><td class=\"column-9\"><\/td>\n<\/tr>\n<tr class=\"row-19\">\n\t<td class=\"column-1\">225\/45HR17<\/td><td class=\"column-2\"><i class=\"fa fa-check\" aria-hidden=\"true\"><\/i><\/td><td class=\"column-3\">94<\/td><td class=\"column-4\">H<\/td><td class=\"column-5\">E<\/td><td class=\"column-6\">D<\/td><td class=\"column-7\">72B<\/td><td class=\"column-8\"><i class=\"fa fa-check\" aria-hidden=\"true\"><\/i><\/td><td class=\"column-9\"><a href=\"https:\/\/eprel.ec.europa.eu\/screen\/product\/tyres\/771198\" target=\"_blank\" rel=\"noopener\">Database<\/a><\/td>\n<\/tr>\n<\/tbody>\n<\/table>\n<!-- #tablepress-5 from cache -->[\/et_pb_text][\/et_pb_column][\/et_pb_row][\/et_pb_section]<\/p>\n","protected":false},"excerpt":{"rendered":"<p>Ma\u00eetrisez toujours la route avec les pneus \u00e9t\u00e9, toutes saisons et hiver de Goldline.PCR, UHP, 4\u00d74 &amp; LT \u2013 le bon pneu pour chaque v\u00e9hicule.Goldline propose des pneus de qualit\u00e9 \u00e0 un prix attractif.Goldline glw1Caract\u00e9ristiques &#038; avantages Am\u00e9liorer le freinage, l\u2019adh\u00e9rence dans les virages et l\u2019\u00e9limination de l\u2019eau et de la neige fondante. Procure une [&hellip;]<\/p>\n","protected":false},"author":1,"featured_media":0,"parent":3959,"menu_order":0,"comment_status":"closed","ping_status":"closed","template":"","meta":{"_et_pb_use_builder":"on","_et_pb_old_content":"","_et_gb_content_width":"","footnotes":""},"class_list":["post-1545","page","type-page","status-publish","hentry"],"yoast_head":"<!-- This site is optimized with the Yoast SEO plugin v27.1.1 - https:\/\/yoast.com\/product\/yoast-seo-wordpress\/ -->\n<title>glw1 | Pneus Goldline<\/title>\n<meta name=\"description\" content=\"Le Goldline glw1 est un pneu hiver abordable pour les voitures particuli\u00e8res. D\u00e9couvrez ses avantages et consultez la gamme.\" \/>\n<meta name=\"robots\" content=\"index, follow, max-snippet:-1, max-image-preview:large, max-video-preview:-1\" \/>\n<link rel=\"canonical\" href=\"https:\/\/goldlinetyres.com\/fr\/pneus-hiver\/goldline-glw1\/\" \/>\n<meta property=\"og:locale\" content=\"fr_FR\" \/>\n<meta property=\"og:type\" content=\"article\" \/>\n<meta property=\"og:title\" content=\"glw1 | Pneus Goldline\" \/>\n<meta property=\"og:description\" content=\"Le Goldline glw1 est un pneu hiver abordable pour les voitures particuli\u00e8res. D\u00e9couvrez ses avantages et consultez la gamme.\" \/>\n<meta property=\"og:url\" content=\"https:\/\/goldlinetyres.com\/fr\/pneus-hiver\/goldline-glw1\/\" \/>\n<meta property=\"og:site_name\" content=\"Goldline tyres\" \/>\n<meta property=\"article:modified_time\" content=\"2025-05-16T13:10:09+00:00\" \/>\n<meta name=\"twitter:card\" content=\"summary_large_image\" \/>\n<meta name=\"twitter:label1\" content=\"Dur\u00e9e de lecture estim\u00e9e\" \/>\n\t<meta name=\"twitter:data1\" content=\"3 minutes\" \/>\n<script type=\"application\/ld+json\" class=\"yoast-schema-graph\">{\"@context\":\"https:\/\/schema.org\",\"@graph\":[{\"@type\":\"WebPage\",\"@id\":\"https:\/\/goldlinetyres.com\/fr\/pneus-hiver\/goldline-glw1\/\",\"url\":\"https:\/\/goldlinetyres.com\/fr\/pneus-hiver\/goldline-glw1\/\",\"name\":\"glw1 | Pneus Goldline\",\"isPartOf\":{\"@id\":\"https:\/\/goldlinetyres.com\/fr\/#website\"},\"datePublished\":\"2025-05-09T09:31:17+00:00\",\"dateModified\":\"2025-05-16T13:10:09+00:00\",\"description\":\"Le Goldline glw1 est un pneu hiver abordable pour les voitures particuli\u00e8res. D\u00e9couvrez ses avantages et consultez la gamme.\",\"breadcrumb\":{\"@id\":\"https:\/\/goldlinetyres.com\/fr\/pneus-hiver\/goldline-glw1\/#breadcrumb\"},\"inLanguage\":\"fr-FR\",\"potentialAction\":[{\"@type\":\"ReadAction\",\"target\":[\"https:\/\/goldlinetyres.com\/fr\/pneus-hiver\/goldline-glw1\/\"]}]},{\"@type\":\"BreadcrumbList\",\"@id\":\"https:\/\/goldlinetyres.com\/fr\/pneus-hiver\/goldline-glw1\/#breadcrumb\",\"itemListElement\":[{\"@type\":\"ListItem\",\"position\":1,\"name\":\"Home\",\"item\":\"https:\/\/goldlinetyres.com\/fr\/\"},{\"@type\":\"ListItem\",\"position\":2,\"name\":\"Pneus hiver\",\"item\":\"https:\/\/goldlinetyres.com\/fr\/pneus-hiver\/\"},{\"@type\":\"ListItem\",\"position\":3,\"name\":\"Goldline glw1\"}]},{\"@type\":\"WebSite\",\"@id\":\"https:\/\/goldlinetyres.com\/fr\/#website\",\"url\":\"https:\/\/goldlinetyres.com\/fr\/\",\"name\":\"Goldline tyres\",\"description\":\"Any road is mine\",\"alternateName\":\"Any road is mine\",\"potentialAction\":[{\"@type\":\"SearchAction\",\"target\":{\"@type\":\"EntryPoint\",\"urlTemplate\":\"https:\/\/goldlinetyres.com\/fr\/?s={search_term_string}\"},\"query-input\":{\"@type\":\"PropertyValueSpecification\",\"valueRequired\":true,\"valueName\":\"search_term_string\"}}],\"inLanguage\":\"fr-FR\"}]}<\/script>\n<!-- \/ Yoast SEO plugin. -->","yoast_head_json":{"title":"glw1 | Pneus Goldline","description":"Le Goldline glw1 est un pneu hiver abordable pour les voitures particuli\u00e8res. D\u00e9couvrez ses avantages et consultez la gamme.","robots":{"index":"index","follow":"follow","max-snippet":"max-snippet:-1","max-image-preview":"max-image-preview:large","max-video-preview":"max-video-preview:-1"},"canonical":"https:\/\/goldlinetyres.com\/fr\/pneus-hiver\/goldline-glw1\/","og_locale":"fr_FR","og_type":"article","og_title":"glw1 | Pneus Goldline","og_description":"Le Goldline glw1 est un pneu hiver abordable pour les voitures particuli\u00e8res. D\u00e9couvrez ses avantages et consultez la gamme.","og_url":"https:\/\/goldlinetyres.com\/fr\/pneus-hiver\/goldline-glw1\/","og_site_name":"Goldline tyres","article_modified_time":"2025-05-16T13:10:09+00:00","twitter_card":"summary_large_image","twitter_misc":{"Dur\u00e9e de lecture estim\u00e9e":"3 minutes"},"schema":{"@context":"https:\/\/schema.org","@graph":[{"@type":"WebPage","@id":"https:\/\/goldlinetyres.com\/fr\/pneus-hiver\/goldline-glw1\/","url":"https:\/\/goldlinetyres.com\/fr\/pneus-hiver\/goldline-glw1\/","name":"glw1 | Pneus Goldline","isPartOf":{"@id":"https:\/\/goldlinetyres.com\/fr\/#website"},"datePublished":"2025-05-09T09:31:17+00:00","dateModified":"2025-05-16T13:10:09+00:00","description":"Le Goldline glw1 est un pneu hiver abordable pour les voitures particuli\u00e8res. D\u00e9couvrez ses avantages et consultez la gamme.","breadcrumb":{"@id":"https:\/\/goldlinetyres.com\/fr\/pneus-hiver\/goldline-glw1\/#breadcrumb"},"inLanguage":"fr-FR","potentialAction":[{"@type":"ReadAction","target":["https:\/\/goldlinetyres.com\/fr\/pneus-hiver\/goldline-glw1\/"]}]},{"@type":"BreadcrumbList","@id":"https:\/\/goldlinetyres.com\/fr\/pneus-hiver\/goldline-glw1\/#breadcrumb","itemListElement":[{"@type":"ListItem","position":1,"name":"Home","item":"https:\/\/goldlinetyres.com\/fr\/"},{"@type":"ListItem","position":2,"name":"Pneus hiver","item":"https:\/\/goldlinetyres.com\/fr\/pneus-hiver\/"},{"@type":"ListItem","position":3,"name":"Goldline glw1"}]},{"@type":"WebSite","@id":"https:\/\/goldlinetyres.com\/fr\/#website","url":"https:\/\/goldlinetyres.com\/fr\/","name":"Goldline tyres","description":"Any road is mine","alternateName":"Any road is mine","potentialAction":[{"@type":"SearchAction","target":{"@type":"EntryPoint","urlTemplate":"https:\/\/goldlinetyres.com\/fr\/?s={search_term_string}"},"query-input":{"@type":"PropertyValueSpecification","valueRequired":true,"valueName":"search_term_string"}}],"inLanguage":"fr-FR"}]}},"_links":{"self":[{"href":"https:\/\/goldlinetyres.com\/fr\/wp-json\/wp\/v2\/pages\/1545","targetHints":{"allow":["GET"]}}],"collection":[{"href":"https:\/\/goldlinetyres.com\/fr\/wp-json\/wp\/v2\/pages"}],"about":[{"href":"https:\/\/goldlinetyres.com\/fr\/wp-json\/wp\/v2\/types\/page"}],"author":[{"embeddable":true,"href":"https:\/\/goldlinetyres.com\/fr\/wp-json\/wp\/v2\/users\/1"}],"replies":[{"embeddable":true,"href":"https:\/\/goldlinetyres.com\/fr\/wp-json\/wp\/v2\/comments?post=1545"}],"version-history":[{"count":8,"href":"https:\/\/goldlinetyres.com\/fr\/wp-json\/wp\/v2\/pages\/1545\/revisions"}],"predecessor-version":[{"id":3615,"href":"https:\/\/goldlinetyres.com\/fr\/wp-json\/wp\/v2\/pages\/1545\/revisions\/3615"}],"up":[{"embeddable":true,"href":"https:\/\/goldlinetyres.com\/fr\/wp-json\/wp\/v2\/pages\/3959"}],"wp:attachment":[{"href":"https:\/\/goldlinetyres.com\/fr\/wp-json\/wp\/v2\/media?parent=1545"}],"curies":[{"name":"wp","href":"https:\/\/api.w.org\/{rel}","templated":true}]}}