{"id":1551,"date":"2025-05-09T09:31:17","date_gmt":"2025-05-09T09:31:17","guid":{"rendered":"https:\/\/goldlinetyres.com\/goldline-glw1\/"},"modified":"2025-05-16T13:27:09","modified_gmt":"2025-05-16T13:27:09","slug":"goldline-glw1","status":"publish","type":"page","link":"https:\/\/goldlinetyres.com\/es\/neumaticos-invierno\/goldline-glw1\/","title":{"rendered":"Goldline glw1"},"content":{"rendered":"<p>[et_pb_section fb_built=\u00bb1&#8243; custom_padding_last_edited=\u00bbon|phone\u00bb _builder_version=\u00bb4.27.4&#8243; _module_preset=\u00bbdefault\u00bb background_image=\u00bbhttps:\/\/goldlinetyres.com\/wp-content\/uploads\/2025\/05\/neumaticos-invierno-goldline.jpg\u00bb background_position=\u00bbbottom_left\u00bb custom_padding=\u00bb8%||8%||true|false\u00bb custom_padding_tablet=\u00bb8%||8%||true|false\u00bb custom_padding_phone=\u00bb12%||12%||true|false\u00bb background_last_edited=\u00bbon|phone\u00bb use_background_color_gradient_phone=\u00bbon\u00bb background_color_gradient_stops_phone=\u00bbrgba(110,110,109,0.6) 0%|rgba(110,110,109,0.6) 100%\u00bb border_color_top=\u00bb#f7a600&#8243; global_colors_info=\u00bb{}\u00bb][\/et_pb_section][et_pb_section fb_built=\u00bb1&#8243; disabled_on=\u00bbon|off|off\u00bb _builder_version=\u00bb4.24.1&#8243; _module_preset=\u00bbdefault\u00bb background_color=\u00bb#000000&#8243; custom_padding=\u00bb8px||6px||false|false\u00bb global_colors_info=\u00bb{}\u00bb][et_pb_row column_structure=\u00bb1_3,1_3,1_3&#8243; use_custom_gutter=\u00bbon\u00bb _builder_version=\u00bb4.27.4&#8243; _module_preset=\u00bbdefault\u00bb max_width=\u00bb1280px\u00bb global_colors_info=\u00bb{}\u00bb][et_pb_column type=\u00bb1_3&#8243; _builder_version=\u00bb4.20.4&#8243; _module_preset=\u00bbdefault\u00bb global_colors_info=\u00bb{}\u00bb][et_pb_blurb title=\u00bbPara todas las estaciones\u00bb image=\u00bbhttps:\/\/goldlinetyres.com\/wp-content\/uploads\/2025\/05\/icon-star.png\u00bb icon_placement=\u00bbleft\u00bb image_icon_width=\u00bb26px\u00bb _builder_version=\u00bb4.27.4&#8243; _module_preset=\u00bbdefault\u00bb header_font=\u00bb|700|on|on|||||\u00bb header_text_color=\u00bb#f7a600&#8243; header_font_size=\u00bb20px\u00bb body_text_color=\u00bb#FFFFFF\u00bb body_font_size=\u00bb16px\u00bb animation=\u00bboff\u00bb global_colors_info=\u00bb{}\u00bb]<\/p>\n<p>Siempre bajo control con los neum\u00e1ticos de verano, todo tiempo y de invierno Goldline.<\/p>\n<p>[\/et_pb_blurb][\/et_pb_column][et_pb_column type=\u00bb1_3&#8243; _builder_version=\u00bb4.20.4&#8243; _module_preset=\u00bbdefault\u00bb global_colors_info=\u00bb{}\u00bb][et_pb_blurb title=\u00bbGama completa\u00bb image=\u00bbhttps:\/\/goldlinetyres.com\/wp-content\/uploads\/2025\/05\/icon-star.png\u00bb icon_placement=\u00bbleft\u00bb image_icon_width=\u00bb26px\u00bb _builder_version=\u00bb4.27.4&#8243; _module_preset=\u00bbdefault\u00bb header_font=\u00bb|700|on|on|||||\u00bb header_text_color=\u00bb#f7a600&#8243; header_font_size=\u00bb20px\u00bb body_text_color=\u00bb#FFFFFF\u00bb body_font_size=\u00bb16px\u00bb animation=\u00bboff\u00bb global_colors_info=\u00bb{}\u00bb]<\/p>\n<p>PCR, UHP, 4\u00d74 y LT: el neum\u00e1tico adecuado para cada veh\u00edculo.<\/p>\n<p>[\/et_pb_blurb][\/et_pb_column][et_pb_column type=\u00bb1_3&#8243; _builder_version=\u00bb4.20.4&#8243; _module_preset=\u00bbdefault\u00bb global_colors_info=\u00bb{}\u00bb][et_pb_blurb title=\u00bbPrecio \/ Calidad\u00bb image=\u00bbhttps:\/\/goldlinetyres.com\/wp-content\/uploads\/2025\/05\/icon-star.png\u00bb icon_placement=\u00bbleft\u00bb image_icon_width=\u00bb26px\u00bb _builder_version=\u00bb4.27.4&#8243; _module_preset=\u00bbdefault\u00bb header_font=\u00bb|700|on|on|||||\u00bb header_text_color=\u00bb#f7a600&#8243; header_font_size=\u00bb20px\u00bb body_text_color=\u00bb#FFFFFF\u00bb body_font_size=\u00bb16px\u00bb animation=\u00bboff\u00bb global_colors_info=\u00bb{}\u00bb]<\/p>\n<p>Goldline ofrece neum\u00e1ticos de calidad a un precio atractivo.<\/p>\n<p>[\/et_pb_blurb][\/et_pb_column][\/et_pb_row][\/et_pb_section][et_pb_section fb_built=\u00bb1&#8243; _builder_version=\u00bb4.24.1&#8243; _module_preset=\u00bbdefault\u00bb background_enable_color=\u00bboff\u00bb background_enable_image=\u00bboff\u00bb custom_padding=\u00bb4%||4%||true|false\u00bb border_color_bottom=\u00bb#f7a600&#8243; global_colors_info=\u00bb{}\u00bb][et_pb_row column_structure=\u00bb1_3,2_3&#8243; use_custom_gutter=\u00bbon\u00bb _builder_version=\u00bb4.27.4&#8243; _module_preset=\u00bbdefault\u00bb max_width=\u00bb1280px\u00bb global_colors_info=\u00bb{}\u00bb][et_pb_column type=\u00bb1_3&#8243; _builder_version=\u00bb4.27.4&#8243; _module_preset=\u00bbdefault\u00bb custom_padding=\u00bb6%||||false|false\u00bb custom_padding_tablet=\u00bb6%||20%||false|false\u00bb custom_padding_phone=\u00bb6%||0%||false|false\u00bb custom_padding_last_edited=\u00bbon|phone\u00bb sticky_limit_bottom=\u00bbbody\u00bb sticky_position_tablet=\u00bbtop\u00bb sticky_position_phone=\u00bbnone\u00bb sticky_position_last_edited=\u00bbon|phone\u00bb global_colors_info=\u00bb{}\u00bb][et_pb_image src=\u00bbhttps:\/\/goldlinetyres.com\/wp-content\/uploads\/2025\/05\/goldline-glw1.png\u00bb alt=\u00bbGoldline glw1&#8243; title_text=\u00bbGoldline glw1&#8243; _builder_version=\u00bb4.27.4&#8243; _module_preset=\u00bbdefault\u00bb border_width_right=\u00bb1px\u00bb border_color_right=\u00bb#706f6f\u00bb border_color_bottom=\u00bb#000000&#8243; global_colors_info=\u00bb{}\u00bb][\/et_pb_image][et_pb_text _builder_version=\u00bb4.27.4&#8243; _module_preset=\u00bbdefault\u00bb header_3_font=\u00bbOpen Sans|700|||||||\u00bb header_3_text_align=\u00bbleft\u00bb header_3_text_color=\u00bb#FFFFFF\u00bb background_color=\u00bb#f7a600&#8243; max_width=\u00bb80%\u00bb custom_margin=\u00bb||4%||false|false\u00bb custom_padding=\u00bb10px||1px|5%|false|false\u00bb global_colors_info=\u00bb{}\u00bb]<\/p>\n<h3>Goldline glw1<\/h3>\n<p>[\/et_pb_text][et_pb_text _builder_version=\u00bb4.27.4&#8243; _module_preset=\u00bbdefault\u00bb text_font=\u00bb|600||on|||||\u00bb text_text_color=\u00bb#FFFFFF\u00bb text_font_size=\u00bb18px\u00bb header_font=\u00bb|700|||||||\u00bb background_color=\u00bb#706f6f\u00bb custom_padding=\u00bb7px||6px|5%|false|false\u00bb global_colors_info=\u00bb{}\u00bb]Caracter\u00edsticas y ventajas[\/et_pb_text][et_pb_blurb alt=\u00bbGoldline winterbanden\u00bb image_icon_width=\u00bb38%\u00bb module_id=\u00bbhome-list\u00bb _builder_version=\u00bb4.27.4&#8243; _module_preset=\u00bbdefault\u00bb header_font=\u00bb|700||on|||||\u00bb header_text_align=\u00bbcenter\u00bb header_font_size=\u00bb22px\u00bb body_text_align=\u00bbleft\u00bb body_font_size=\u00bb16px\u00bb body_line_height=\u00bb2em\u00bb body_ul_font_size=\u00bb16px\u00bb body_ul_line_height=\u00bb2em\u00bb custom_margin=\u00bb||2%||false|false\u00bb custom_padding=\u00bb||0px||false|false\u00bb global_colors_info=\u00bb{}\u00bb]<\/p>\n<ul>\n<li>Frenado superior, adherencia en curvas cerradas y eliminaci\u00f3n del agua y barro.<\/li>\n<li>Ofrece una tracci\u00f3n excelente y una menor resistencia al rodamiento.<\/li>\n<li>Mejora la evacuaci\u00f3n del agua y la estabilidad en condiciones de mucha nieve.<\/li>\n<\/ul>\n<p>[\/et_pb_blurb][et_pb_button button_url=\u00bbhttps:\/\/goldlinetyres.com\/wp-content\/uploads\/2025\/05\/Goldline-brochure-ES.pdf\u00bb url_new_window=\u00bbon\u00bb button_text=\u00bbDescargar folleto\u00bb button_alignment=\u00bbleft\u00bb _builder_version=\u00bb4.27.4&#8243; _module_preset=\u00bbdefault\u00bb custom_button=\u00bbon\u00bb button_text_size=\u00bb16px\u00bb button_text_color=\u00bb#FFFFFF\u00bb button_bg_color=\u00bb#000000&#8243; button_border_color=\u00bb#000000&#8243; button_border_radius=\u00bb4px\u00bb button_font=\u00bbOpen Sans|700||on|||||\u00bb button_use_icon=\u00bboff\u00bb custom_margin=\u00bb||||false|false\u00bb custom_padding=\u00bb3%||3%||true|true\u00bb global_colors_info=\u00bb{}\u00bb button_text_color__hover_enabled=\u00bbon|hover\u00bb button_text_color__hover=\u00bb#000000&#8243; button_bg_color__hover_enabled=\u00bbon|hover\u00bb button_bg_color__hover=\u00bb#c4c4c4&#8243; button_bg_enable_color__hover=\u00bbon\u00bb button_border_color__hover_enabled=\u00bbon|hover\u00bb button_border_color__hover=\u00bb#c4c4c4&#8243;][\/et_pb_button][\/et_pb_column][et_pb_column type=\u00bb2_3&#8243; _builder_version=\u00bb4.20.4&#8243; _module_preset=\u00bbdefault\u00bb global_colors_info=\u00bb{}\u00bb][et_pb_text _builder_version=\u00bb4.27.4&#8243; _module_preset=\u00bbdefault\u00bb global_colors_info=\u00bb{}\u00bb]\n<table id=\"tablepress-5\" class=\"tablepress tablepress-id-5\">\n<thead>\n<tr class=\"row-1\">\n\t<th class=\"column-1\">SIZE<\/th><th class=\"column-2\">XL<\/th><th class=\"column-3\">LI<\/th><th class=\"column-4\">SI<\/th><th class=\"column-5\"><img decoding=\"async\" src=\"https:\/\/goldlinetyres.com\/wp-content\/uploads\/2024\/02\/ico-fuel.png\" \/><\/th><th class=\"column-6\"><img decoding=\"async\" src=\"https:\/\/goldlinetyres.com\/wp-content\/uploads\/2024\/02\/ico-wet.png\" \/><\/th><th class=\"column-7\"><img decoding=\"async\" src=\"https:\/\/goldlinetyres.com\/wp-content\/uploads\/2024\/02\/ico-noise.png\" \/><\/th><th class=\"column-8\"><img decoding=\"async\" src=\"https:\/\/goldlinetyres.com\/wp-content\/uploads\/2024\/02\/ico-grip-snow.png\" \/><\/th><th class=\"column-9\">EPREL<\/th>\n<\/tr>\n<\/thead>\n<tbody class=\"row-striping row-hover\">\n<tr class=\"row-2\">\n\t<td class=\"column-1\"><strong> 70 Series<\/strong><\/td><td class=\"column-2\"><\/td><td class=\"column-3\"><\/td><td class=\"column-4\"><\/td><td class=\"column-5\"><\/td><td class=\"column-6\"><\/td><td class=\"column-7\"><\/td><td class=\"column-8\"><\/td><td class=\"column-9\"><\/td>\n<\/tr>\n<tr class=\"row-3\">\n\t<td class=\"column-1\">165\/70TR13<br \/>\n<\/td><td class=\"column-2\"><\/td><td class=\"column-3\">79<\/td><td class=\"column-4\">T<\/td><td class=\"column-5\">E<\/td><td class=\"column-6\">D<\/td><td class=\"column-7\">71B <\/td><td class=\"column-8\"><i class=\"fa fa-check\" aria-hidden=\"true\"><\/i><\/td><td class=\"column-9\"><a href=\"https:\/\/eprel.ec.europa.eu\/screen\/product\/tyres\/771250\" target=\"_blank\" rel=\"noopener\">Database<\/a><\/td>\n<\/tr>\n<tr class=\"row-4\">\n\t<td class=\"column-1\">165\/70TR14<\/td><td class=\"column-2\"><\/td><td class=\"column-3\">81<\/td><td class=\"column-4\">T<\/td><td class=\"column-5\">E<\/td><td class=\"column-6\">D<\/td><td class=\"column-7\">71B<\/td><td class=\"column-8\"><i class=\"fa fa-check\" aria-hidden=\"true\"><\/i><\/td><td class=\"column-9\"><a href=\"https:\/\/eprel.ec.europa.eu\/screen\/product\/tyres\/771253\" target=\"_blank\" rel=\"noopener\">Database<\/a><\/td>\n<\/tr>\n<tr class=\"row-5\">\n\t<td class=\"column-1\">175\/70TR14<\/td><td class=\"column-2\"><i class=\"fa fa-check\" aria-hidden=\"true\"><\/i><\/td><td class=\"column-3\">88<\/td><td class=\"column-4\">T<\/td><td class=\"column-5\">E<\/td><td class=\"column-6\">D<\/td><td class=\"column-7\">71B<\/td><td class=\"column-8\"><i class=\"fa fa-check\" aria-hidden=\"true\"><\/i><\/td><td class=\"column-9\"><a href=\"https:\/\/eprel.ec.europa.eu\/screen\/product\/tyres\/771254\" target=\"_blank\" rel=\"noopener\">Database<\/a><\/td>\n<\/tr>\n<tr class=\"row-6\">\n\t<td class=\"column-1\"><strong> 65 Series<\/strong><\/td><td class=\"column-2\"><\/td><td class=\"column-3\"><\/td><td class=\"column-4\"><\/td><td class=\"column-5\"><\/td><td class=\"column-6\"><\/td><td class=\"column-7\"><\/td><td class=\"column-8\"><\/td><td class=\"column-9\"><\/td>\n<\/tr>\n<tr class=\"row-7\">\n\t<td class=\"column-1\">175\/65TR14<\/td><td class=\"column-2\"><\/td><td class=\"column-3\">82<\/td><td class=\"column-4\">T<\/td><td class=\"column-5\">E<\/td><td class=\"column-6\">D<\/td><td class=\"column-7\">71B<\/td><td class=\"column-8\"><i class=\"fa fa-check\" aria-hidden=\"true\"><\/i><\/td><td class=\"column-9\"><a href=\"https:\/\/eprel.ec.europa.eu\/screen\/product\/tyres\/771239\" target=\"_blank\" rel=\"noopener\">Database<\/a><\/td>\n<\/tr>\n<tr class=\"row-8\">\n\t<td class=\"column-1\">185\/65TR14<\/td><td class=\"column-2\"><\/td><td class=\"column-3\">86<\/td><td class=\"column-4\">T<\/td><td class=\"column-5\">E<\/td><td class=\"column-6\">D<\/td><td class=\"column-7\">71B <\/td><td class=\"column-8\"><i class=\"fa fa-check\" aria-hidden=\"true\"><\/i><\/td><td class=\"column-9\"><a href=\"https:\/\/eprel.ec.europa.eu\/screen\/product\/tyres\/771240\" target=\"_blank\" rel=\"noopener\">Database<\/a><\/td>\n<\/tr>\n<tr class=\"row-9\">\n\t<td class=\"column-1\">185\/65TR15<\/td><td class=\"column-2\"><\/td><td class=\"column-3\">88<\/td><td class=\"column-4\">T<\/td><td class=\"column-5\">E<\/td><td class=\"column-6\">E<\/td><td class=\"column-7\">71B<\/td><td class=\"column-8\"><i class=\"fa fa-check\" aria-hidden=\"true\"><\/i><\/td><td class=\"column-9\"><a href=\"https:\/\/eprel.ec.europa.eu\/screen\/product\/tyres\/771242\" target=\"_blank\" rel=\"noopener\">Database<\/a><\/td>\n<\/tr>\n<tr class=\"row-10\">\n\t<td class=\"column-1\">195\/65TR15<\/td><td class=\"column-2\"><\/td><td class=\"column-3\">91<\/td><td class=\"column-4\">T<\/td><td class=\"column-5\">E<\/td><td class=\"column-6\">D<\/td><td class=\"column-7\">72B <\/td><td class=\"column-8\"><i class=\"fa fa-check\" aria-hidden=\"true\"><\/i><\/td><td class=\"column-9\"><a href=\"https:\/\/eprel.ec.europa.eu\/screen\/product\/tyres\/771243\" target=\"_blank\" rel=\"noopener\">Database<\/a><\/td>\n<\/tr>\n<tr class=\"row-11\">\n\t<td class=\"column-1\"><strong> 60 Series<\/strong><\/td><td class=\"column-2\"><\/td><td class=\"column-3\"><\/td><td class=\"column-4\"><\/td><td class=\"column-5\"><\/td><td class=\"column-6\"><\/td><td class=\"column-7\"><\/td><td class=\"column-8\"><\/td><td class=\"column-9\"><\/td>\n<\/tr>\n<tr class=\"row-12\">\n\t<td class=\"column-1\">185\/60TR14<\/td><td class=\"column-2\"><\/td><td class=\"column-3\">82<\/td><td class=\"column-4\">T<\/td><td class=\"column-5\">E<\/td><td class=\"column-6\">D<\/td><td class=\"column-7\">71B<\/td><td class=\"column-8\"><i class=\"fa fa-check\" aria-hidden=\"true\"><\/i><\/td><td class=\"column-9\"><a href=\"https:\/\/eprel.ec.europa.eu\/screen\/product\/tyres\/771227\" target=\"_blank\" rel=\"noopener\">Database<\/a><\/td>\n<\/tr>\n<tr class=\"row-13\">\n\t<td class=\"column-1\">185\/60TR15<\/td><td class=\"column-2\"><\/td><td class=\"column-3\">84<\/td><td class=\"column-4\">T<\/td><td class=\"column-5\">E<\/td><td class=\"column-6\">D<\/td><td class=\"column-7\">71B<\/td><td class=\"column-8\"><i class=\"fa fa-check\" aria-hidden=\"true\"><\/i><\/td><td class=\"column-9\"><a href=\"https:\/\/eprel.ec.europa.eu\/screen\/product\/tyres\/771230\" target=\"_blank\" rel=\"noopener\">Database<\/a><\/td>\n<\/tr>\n<tr class=\"row-14\">\n\t<td class=\"column-1\"><strong> 55 Series<\/strong><\/td><td class=\"column-2\"><\/td><td class=\"column-3\"><\/td><td class=\"column-4\"><\/td><td class=\"column-5\"><\/td><td class=\"column-6\"><\/td><td class=\"column-7\"><\/td><td class=\"column-8\"><\/td><td class=\"column-9\"><\/td>\n<\/tr>\n<tr class=\"row-15\">\n\t<td class=\"column-1\">185\/55HR15<\/td><td class=\"column-2\"><i class=\"fa fa-check\" aria-hidden=\"true\"><\/i><\/td><td class=\"column-3\">86<\/td><td class=\"column-4\">H<\/td><td class=\"column-5\">E<\/td><td class=\"column-6\">D<\/td><td class=\"column-7\">721B<\/td><td class=\"column-8\"><i class=\"fa fa-check\" aria-hidden=\"true\"><\/i><\/td><td class=\"column-9\"><a href=\"https:\/\/eprel.ec.europa.eu\/screen\/product\/tyres\/771211\" target=\"_blank\" rel=\"noopener\">Database<\/a><\/td>\n<\/tr>\n<tr class=\"row-16\">\n\t<td class=\"column-1\">195\/55HR15<\/td><td class=\"column-2\"><\/td><td class=\"column-3\">85<\/td><td class=\"column-4\">H<\/td><td class=\"column-5\">E<\/td><td class=\"column-6\">D<\/td><td class=\"column-7\">72B <\/td><td class=\"column-8\"><i class=\"fa fa-check\" aria-hidden=\"true\"><\/i><\/td><td class=\"column-9\"><a href=\"https:\/\/eprel.ec.europa.eu\/screen\/product\/tyres\/771212\" target=\"_blank\" rel=\"noopener\">Database<\/a><\/td>\n<\/tr>\n<tr class=\"row-17\">\n\t<td class=\"column-1\">205\/55HR16<\/td><td class=\"column-2\"><\/td><td class=\"column-3\">85<\/td><td class=\"column-4\">H<\/td><td class=\"column-5\">E<\/td><td class=\"column-6\">D<\/td><td class=\"column-7\">72B <\/td><td class=\"column-8\"><i class=\"fa fa-check\" aria-hidden=\"true\"><\/i><\/td><td class=\"column-9\"><a href=\"https:\/\/eprel.ec.europa.eu\/screen\/product\/tyres\/771214\" target=\"_blank\" rel=\"noopener\">Database<\/a><\/td>\n<\/tr>\n<tr class=\"row-18\">\n\t<td class=\"column-1\"><strong> 45 Series<\/strong><\/td><td class=\"column-2\"><\/td><td class=\"column-3\"><\/td><td class=\"column-4\"><\/td><td class=\"column-5\"><\/td><td class=\"column-6\"><\/td><td class=\"column-7\"><\/td><td class=\"column-8\"><\/td><td class=\"column-9\"><\/td>\n<\/tr>\n<tr class=\"row-19\">\n\t<td class=\"column-1\">225\/45HR17<\/td><td class=\"column-2\"><i class=\"fa fa-check\" aria-hidden=\"true\"><\/i><\/td><td class=\"column-3\">94<\/td><td class=\"column-4\">H<\/td><td class=\"column-5\">E<\/td><td class=\"column-6\">D<\/td><td class=\"column-7\">72B<\/td><td class=\"column-8\"><i class=\"fa fa-check\" aria-hidden=\"true\"><\/i><\/td><td class=\"column-9\"><a href=\"https:\/\/eprel.ec.europa.eu\/screen\/product\/tyres\/771198\" target=\"_blank\" rel=\"noopener\">Database<\/a><\/td>\n<\/tr>\n<\/tbody>\n<\/table>\n<!-- #tablepress-5 from cache -->[\/et_pb_text][\/et_pb_column][\/et_pb_row][\/et_pb_section]<\/p>\n","protected":false},"excerpt":{"rendered":"<p>Siempre bajo control con los neum\u00e1ticos de verano, todo tiempo y de invierno Goldline.PCR, UHP, 4\u00d74 y LT: el neum\u00e1tico adecuado para cada veh\u00edculo.Goldline ofrece neum\u00e1ticos de calidad a un precio atractivo.Goldline glw1Caracter\u00edsticas y ventajas Frenado superior, adherencia en curvas cerradas y eliminaci\u00f3n del agua y barro. Ofrece una tracci\u00f3n excelente y una menor resistencia [&hellip;]<\/p>\n","protected":false},"author":1,"featured_media":0,"parent":3962,"menu_order":0,"comment_status":"closed","ping_status":"closed","template":"","meta":{"_et_pb_use_builder":"on","_et_pb_old_content":"","_et_gb_content_width":"","footnotes":""},"class_list":["post-1551","page","type-page","status-publish","hentry"],"yoast_head":"<!-- This site is optimized with the Yoast SEO plugin v27.1.1 - https:\/\/yoast.com\/product\/yoast-seo-wordpress\/ -->\n<title>glw1 | Neum\u00e1ticos Goldline<\/title>\n<meta name=\"description\" content=\"El Goldline glw1 es un neum\u00e1tico de invierno asequible fabricado para turismos. Descubre sus ventajas y consulta la gama.\" \/>\n<meta name=\"robots\" content=\"index, follow, max-snippet:-1, max-image-preview:large, max-video-preview:-1\" \/>\n<link rel=\"canonical\" href=\"https:\/\/goldlinetyres.com\/es\/neumaticos-invierno\/goldline-glw1\/\" \/>\n<meta property=\"og:locale\" content=\"es_ES\" \/>\n<meta property=\"og:type\" content=\"article\" \/>\n<meta property=\"og:title\" content=\"glw1 | Neum\u00e1ticos Goldline\" \/>\n<meta property=\"og:description\" content=\"El Goldline glw1 es un neum\u00e1tico de invierno asequible fabricado para turismos. Descubre sus ventajas y consulta la gama.\" \/>\n<meta property=\"og:url\" content=\"https:\/\/goldlinetyres.com\/es\/neumaticos-invierno\/goldline-glw1\/\" \/>\n<meta property=\"og:site_name\" content=\"Goldline tyres\" \/>\n<meta property=\"article:modified_time\" content=\"2025-05-16T13:27:09+00:00\" \/>\n<meta name=\"twitter:card\" content=\"summary_large_image\" \/>\n<meta name=\"twitter:label1\" content=\"Tiempo de lectura\" \/>\n\t<meta name=\"twitter:data1\" content=\"3 minutos\" \/>\n<script type=\"application\/ld+json\" class=\"yoast-schema-graph\">{\"@context\":\"https:\/\/schema.org\",\"@graph\":[{\"@type\":\"WebPage\",\"@id\":\"https:\/\/goldlinetyres.com\/es\/neumaticos-invierno\/goldline-glw1\/\",\"url\":\"https:\/\/goldlinetyres.com\/es\/neumaticos-invierno\/goldline-glw1\/\",\"name\":\"glw1 | Neum\u00e1ticos Goldline\",\"isPartOf\":{\"@id\":\"https:\/\/goldlinetyres.com\/es\/#website\"},\"datePublished\":\"2025-05-09T09:31:17+00:00\",\"dateModified\":\"2025-05-16T13:27:09+00:00\",\"description\":\"El Goldline glw1 es un neum\u00e1tico de invierno asequible fabricado para turismos. Descubre sus ventajas y consulta la gama.\",\"breadcrumb\":{\"@id\":\"https:\/\/goldlinetyres.com\/es\/neumaticos-invierno\/goldline-glw1\/#breadcrumb\"},\"inLanguage\":\"es\",\"potentialAction\":[{\"@type\":\"ReadAction\",\"target\":[\"https:\/\/goldlinetyres.com\/es\/neumaticos-invierno\/goldline-glw1\/\"]}]},{\"@type\":\"BreadcrumbList\",\"@id\":\"https:\/\/goldlinetyres.com\/es\/neumaticos-invierno\/goldline-glw1\/#breadcrumb\",\"itemListElement\":[{\"@type\":\"ListItem\",\"position\":1,\"name\":\"Home\",\"item\":\"https:\/\/goldlinetyres.com\/es\/\"},{\"@type\":\"ListItem\",\"position\":2,\"name\":\"Neum\u00e1ticos invierno\",\"item\":\"https:\/\/goldlinetyres.com\/es\/neumaticos-invierno\/\"},{\"@type\":\"ListItem\",\"position\":3,\"name\":\"Goldline glw1\"}]},{\"@type\":\"WebSite\",\"@id\":\"https:\/\/goldlinetyres.com\/es\/#website\",\"url\":\"https:\/\/goldlinetyres.com\/es\/\",\"name\":\"Goldline tyres\",\"description\":\"Any road is mine\",\"alternateName\":\"Any road is mine\",\"potentialAction\":[{\"@type\":\"SearchAction\",\"target\":{\"@type\":\"EntryPoint\",\"urlTemplate\":\"https:\/\/goldlinetyres.com\/es\/?s={search_term_string}\"},\"query-input\":{\"@type\":\"PropertyValueSpecification\",\"valueRequired\":true,\"valueName\":\"search_term_string\"}}],\"inLanguage\":\"es\"}]}<\/script>\n<!-- \/ Yoast SEO plugin. -->","yoast_head_json":{"title":"glw1 | Neum\u00e1ticos Goldline","description":"El Goldline glw1 es un neum\u00e1tico de invierno asequible fabricado para turismos. Descubre sus ventajas y consulta la gama.","robots":{"index":"index","follow":"follow","max-snippet":"max-snippet:-1","max-image-preview":"max-image-preview:large","max-video-preview":"max-video-preview:-1"},"canonical":"https:\/\/goldlinetyres.com\/es\/neumaticos-invierno\/goldline-glw1\/","og_locale":"es_ES","og_type":"article","og_title":"glw1 | Neum\u00e1ticos Goldline","og_description":"El Goldline glw1 es un neum\u00e1tico de invierno asequible fabricado para turismos. Descubre sus ventajas y consulta la gama.","og_url":"https:\/\/goldlinetyres.com\/es\/neumaticos-invierno\/goldline-glw1\/","og_site_name":"Goldline tyres","article_modified_time":"2025-05-16T13:27:09+00:00","twitter_card":"summary_large_image","twitter_misc":{"Tiempo de lectura":"3 minutos"},"schema":{"@context":"https:\/\/schema.org","@graph":[{"@type":"WebPage","@id":"https:\/\/goldlinetyres.com\/es\/neumaticos-invierno\/goldline-glw1\/","url":"https:\/\/goldlinetyres.com\/es\/neumaticos-invierno\/goldline-glw1\/","name":"glw1 | Neum\u00e1ticos Goldline","isPartOf":{"@id":"https:\/\/goldlinetyres.com\/es\/#website"},"datePublished":"2025-05-09T09:31:17+00:00","dateModified":"2025-05-16T13:27:09+00:00","description":"El Goldline glw1 es un neum\u00e1tico de invierno asequible fabricado para turismos. Descubre sus ventajas y consulta la gama.","breadcrumb":{"@id":"https:\/\/goldlinetyres.com\/es\/neumaticos-invierno\/goldline-glw1\/#breadcrumb"},"inLanguage":"es","potentialAction":[{"@type":"ReadAction","target":["https:\/\/goldlinetyres.com\/es\/neumaticos-invierno\/goldline-glw1\/"]}]},{"@type":"BreadcrumbList","@id":"https:\/\/goldlinetyres.com\/es\/neumaticos-invierno\/goldline-glw1\/#breadcrumb","itemListElement":[{"@type":"ListItem","position":1,"name":"Home","item":"https:\/\/goldlinetyres.com\/es\/"},{"@type":"ListItem","position":2,"name":"Neum\u00e1ticos invierno","item":"https:\/\/goldlinetyres.com\/es\/neumaticos-invierno\/"},{"@type":"ListItem","position":3,"name":"Goldline glw1"}]},{"@type":"WebSite","@id":"https:\/\/goldlinetyres.com\/es\/#website","url":"https:\/\/goldlinetyres.com\/es\/","name":"Goldline tyres","description":"Any road is mine","alternateName":"Any road is mine","potentialAction":[{"@type":"SearchAction","target":{"@type":"EntryPoint","urlTemplate":"https:\/\/goldlinetyres.com\/es\/?s={search_term_string}"},"query-input":{"@type":"PropertyValueSpecification","valueRequired":true,"valueName":"search_term_string"}}],"inLanguage":"es"}]}},"_links":{"self":[{"href":"https:\/\/goldlinetyres.com\/es\/wp-json\/wp\/v2\/pages\/1551","targetHints":{"allow":["GET"]}}],"collection":[{"href":"https:\/\/goldlinetyres.com\/es\/wp-json\/wp\/v2\/pages"}],"about":[{"href":"https:\/\/goldlinetyres.com\/es\/wp-json\/wp\/v2\/types\/page"}],"author":[{"embeddable":true,"href":"https:\/\/goldlinetyres.com\/es\/wp-json\/wp\/v2\/users\/1"}],"replies":[{"embeddable":true,"href":"https:\/\/goldlinetyres.com\/es\/wp-json\/wp\/v2\/comments?post=1551"}],"version-history":[{"count":8,"href":"https:\/\/goldlinetyres.com\/es\/wp-json\/wp\/v2\/pages\/1551\/revisions"}],"predecessor-version":[{"id":3697,"href":"https:\/\/goldlinetyres.com\/es\/wp-json\/wp\/v2\/pages\/1551\/revisions\/3697"}],"up":[{"embeddable":true,"href":"https:\/\/goldlinetyres.com\/es\/wp-json\/wp\/v2\/pages\/3962"}],"wp:attachment":[{"href":"https:\/\/goldlinetyres.com\/es\/wp-json\/wp\/v2\/media?parent=1551"}],"curies":[{"name":"wp","href":"https:\/\/api.w.org\/{rel}","templated":true}]}}