{"id":1499,"date":"2025-05-09T09:26:50","date_gmt":"2025-05-09T09:26:50","guid":{"rendered":"https:\/\/goldlinetyres.com\/goldline-ght-500\/"},"modified":"2025-05-16T13:17:59","modified_gmt":"2025-05-16T13:17:59","slug":"goldline-ght-500","status":"publish","type":"page","link":"https:\/\/goldlinetyres.com\/de\/sommerreifen\/goldline-ght-500\/","title":{"rendered":"Goldline GHT 500"},"content":{"rendered":"<p>[et_pb_section fb_built=&#8220;1&#8243; custom_padding_last_edited=&#8220;on|phone&#8220; _builder_version=&#8220;4.27.4&#8243; _module_preset=&#8220;default&#8220; background_image=&#8220;https:\/\/goldlinetyres.com\/wp-content\/uploads\/2025\/05\/goldline-sommerreifen.jpg&#8220; background_position=&#8220;bottom_left&#8220; custom_padding=&#8220;8%||8%||true|false&#8220; custom_padding_tablet=&#8220;8%||8%||true|false&#8220; custom_padding_phone=&#8220;12%||12%||true|false&#8220; background_last_edited=&#8220;on|phone&#8220; use_background_color_gradient_phone=&#8220;on&#8220; background_color_gradient_stops_phone=&#8220;rgba(110,110,109,0.6) 0%|rgba(110,110,109,0.6) 100%&#8220; border_color_top=&#8220;#f7a600&#8243; global_colors_info=&#8220;{}&#8220;][\/et_pb_section][et_pb_section fb_built=&#8220;1&#8243; disabled_on=&#8220;on|off|off&#8220; _builder_version=&#8220;4.24.1&#8243; _module_preset=&#8220;default&#8220; background_color=&#8220;#000000&#8243; custom_padding=&#8220;8px||6px||false|false&#8220; global_colors_info=&#8220;{}&#8220;][et_pb_row column_structure=&#8220;1_3,1_3,1_3&#8243; use_custom_gutter=&#8220;on&#8220; _builder_version=&#8220;4.27.4&#8243; _module_preset=&#8220;default&#8220; max_width=&#8220;1280px&#8220; global_colors_info=&#8220;{}&#8220;][et_pb_column type=&#8220;1_3&#8243; _builder_version=&#8220;4.20.4&#8243; _module_preset=&#8220;default&#8220; global_colors_info=&#8220;{}&#8220;][et_pb_blurb title=&#8220;F\u00fcr alle Jahreszeiten&#8220; image=&#8220;https:\/\/goldlinetyres.com\/wp-content\/uploads\/2025\/05\/icon-star.png&#8220; icon_placement=&#8220;left&#8220; image_icon_width=&#8220;26px&#8220; _builder_version=&#8220;4.27.4&#8243; _module_preset=&#8220;default&#8220; header_font=&#8220;|700|on|on|||||&#8220; header_text_color=&#8220;#f7a600&#8243; header_font_size=&#8220;20px&#8220; body_text_color=&#8220;#FFFFFF&#8220; body_font_size=&#8220;16px&#8220; animation=&#8220;off&#8220; global_colors_info=&#8220;{}&#8220;]<\/p>\n<p>In jeder Jahreszeit Grip auf der Stra\u00dfe mit Goldline-Reifen.<\/p>\n<p>[\/et_pb_blurb][\/et_pb_column][et_pb_column type=&#8220;1_3&#8243; _builder_version=&#8220;4.20.4&#8243; _module_preset=&#8220;default&#8220; global_colors_info=&#8220;{}&#8220;][et_pb_blurb title=&#8220;Komplettes Sortiment&#8220; image=&#8220;https:\/\/goldlinetyres.com\/wp-content\/uploads\/2025\/05\/icon-star.png&#8220; icon_placement=&#8220;left&#8220; image_icon_width=&#8220;26px&#8220; _builder_version=&#8220;4.27.4&#8243; _module_preset=&#8220;default&#8220; header_font=&#8220;|700|on|on|||||&#8220; header_text_color=&#8220;#f7a600&#8243; header_font_size=&#8220;20px&#8220; body_text_color=&#8220;#FFFFFF&#8220; body_font_size=&#8220;16px&#8220; animation=&#8220;off&#8220; global_colors_info=&#8220;{}&#8220;]<\/p>\n<p>PCR, UHP, 4\u00d74 &amp; LT \u2013 der richtige Reifen f\u00fcr jedes Fahrzeug.<\/p>\n<p>[\/et_pb_blurb][\/et_pb_column][et_pb_column type=&#8220;1_3&#8243; _builder_version=&#8220;4.20.4&#8243; _module_preset=&#8220;default&#8220; global_colors_info=&#8220;{}&#8220;][et_pb_blurb title=&#8220;Preis \/ Qualit\u00e4t&#8220; image=&#8220;https:\/\/goldlinetyres.com\/wp-content\/uploads\/2025\/05\/icon-star.png&#8220; icon_placement=&#8220;left&#8220; image_icon_width=&#8220;26px&#8220; _builder_version=&#8220;4.27.4&#8243; _module_preset=&#8220;default&#8220; header_font=&#8220;|700|on|on|||||&#8220; header_text_color=&#8220;#f7a600&#8243; header_font_size=&#8220;20px&#8220; body_text_color=&#8220;#FFFFFF&#8220; body_font_size=&#8220;16px&#8220; animation=&#8220;off&#8220; global_colors_info=&#8220;{}&#8220;]<\/p>\n<p>Goldline bietet Qualit\u00e4tsreifen zu einem attraktiven Preis.<\/p>\n<p>[\/et_pb_blurb][\/et_pb_column][\/et_pb_row][\/et_pb_section][et_pb_section fb_built=&#8220;1&#8243; _builder_version=&#8220;4.24.1&#8243; _module_preset=&#8220;default&#8220; background_enable_color=&#8220;off&#8220; background_enable_image=&#8220;off&#8220; custom_padding=&#8220;4%||4%||true|false&#8220; border_color_bottom=&#8220;#f7a600&#8243; global_colors_info=&#8220;{}&#8220;][et_pb_row column_structure=&#8220;1_3,2_3&#8243; use_custom_gutter=&#8220;on&#8220; _builder_version=&#8220;4.27.4&#8243; _module_preset=&#8220;default&#8220; max_width=&#8220;1280px&#8220; global_colors_info=&#8220;{}&#8220;][et_pb_column type=&#8220;1_3&#8243; _builder_version=&#8220;4.27.4&#8243; _module_preset=&#8220;default&#8220; custom_padding=&#8220;6%||||false|false&#8220; custom_padding_tablet=&#8220;6%||20%||false|false&#8220; custom_padding_phone=&#8220;6%||0%||false|false&#8220; custom_padding_last_edited=&#8220;on|phone&#8220; sticky_limit_bottom=&#8220;body&#8220; sticky_position_tablet=&#8220;top&#8220; sticky_position_phone=&#8220;none&#8220; sticky_position_last_edited=&#8220;on|phone&#8220; global_colors_info=&#8220;{}&#8220;][et_pb_image src=&#8220;https:\/\/goldlinetyres.com\/wp-content\/uploads\/2025\/05\/goldline-ght500.png&#8220; alt=&#8220;Goldline GHT 500&#8243; title_text=&#8220;Goldline GHT 500&#8243; _builder_version=&#8220;4.27.4&#8243; _module_preset=&#8220;default&#8220; border_width_right=&#8220;1px&#8220; border_color_right=&#8220;#706f6f&#8220; border_color_bottom=&#8220;#000000&#8243; global_colors_info=&#8220;{}&#8220;][\/et_pb_image][et_pb_text _builder_version=&#8220;4.27.4&#8243; _module_preset=&#8220;default&#8220; header_3_font=&#8220;Open Sans|700|||||||&#8220; header_3_text_align=&#8220;left&#8220; header_3_text_color=&#8220;#FFFFFF&#8220; background_color=&#8220;#f7a600&#8243; max_width=&#8220;80%&#8220; custom_margin=&#8220;||4%||false|false&#8220; custom_padding=&#8220;10px||1px|5%|false|false&#8220; global_colors_info=&#8220;{}&#8220;]<\/p>\n<h3>Goldline GHT 500<\/h3>\n<p>[\/et_pb_text][et_pb_text _builder_version=&#8220;4.27.4&#8243; _module_preset=&#8220;default&#8220; text_font=&#8220;|600||on|||||&#8220; text_text_color=&#8220;#FFFFFF&#8220; text_font_size=&#8220;18px&#8220; header_font=&#8220;|700|||||||&#8220; background_color=&#8220;#706f6f&#8220; custom_padding=&#8220;7px||6px|5%|false|false&#8220; global_colors_info=&#8220;{}&#8220;]Merkmale &#038; vorteile[\/et_pb_text][et_pb_blurb alt=&#8220;Goldline winterbanden&#8220; image_icon_width=&#8220;38%&#8220; module_id=&#8220;home-list&#8220; _builder_version=&#8220;4.27.4&#8243; _module_preset=&#8220;default&#8220; header_font=&#8220;|700||on|||||&#8220; header_text_align=&#8220;center&#8220; header_font_size=&#8220;22px&#8220; body_text_align=&#8220;left&#8220; body_font_size=&#8220;16px&#8220; body_line_height=&#8220;2em&#8220; body_ul_font_size=&#8220;16px&#8220; body_ul_line_height=&#8220;2em&#8220; custom_margin=&#8220;||2%||false|false&#8220; custom_padding=&#8220;||0px||false|false&#8220; global_colors_info=&#8220;{}&#8220;]<\/p>\n<ul>\n<li>Gew\u00e4hrleistet guten Grip auf nassen und auf trockenen Fahrbahnen.<\/li>\n<li>Geringe W\u00e4rmeentwicklung durch reduzierten Rollwiderstand.<\/li>\n<li>Zus\u00e4tzliche Pannensicherheit und erh\u00f6hte Tragf\u00e4higkeit.<\/li>\n<li>Gew\u00e4hrleistet eine ruhige, komfortable Fahrt.<\/li>\n<\/ul>\n<p>[\/et_pb_blurb][et_pb_button button_url=&#8220;https:\/\/goldlinetyres.com\/wp-content\/uploads\/2025\/05\/Goldline-brochure-DE.pdf&#8220; url_new_window=&#8220;on&#8220; button_text=&#8220;Brosch\u00fcre herunterladen&#8220; button_alignment=&#8220;left&#8220; _builder_version=&#8220;4.27.4&#8243; _module_preset=&#8220;default&#8220; custom_button=&#8220;on&#8220; button_text_size=&#8220;16px&#8220; button_text_color=&#8220;#FFFFFF&#8220; button_bg_color=&#8220;#000000&#8243; button_border_color=&#8220;#000000&#8243; button_border_radius=&#8220;4px&#8220; button_font=&#8220;Open Sans|700||on|||||&#8220; button_use_icon=&#8220;off&#8220; custom_margin=&#8220;||||false|false&#8220; custom_padding=&#8220;3%||3%||true|true&#8220; global_colors_info=&#8220;{}&#8220; button_text_color__hover_enabled=&#8220;on|hover&#8220; button_text_color__hover=&#8220;#000000&#8243; button_bg_color__hover_enabled=&#8220;on|hover&#8220; button_bg_color__hover=&#8220;#c4c4c4&#8243; button_bg_enable_color__hover=&#8220;on&#8220; button_border_color__hover_enabled=&#8220;on|hover&#8220; button_border_color__hover=&#8220;#c4c4c4&#8243;][\/et_pb_button][\/et_pb_column][et_pb_column type=&#8220;2_3&#8243; _builder_version=&#8220;4.20.4&#8243; _module_preset=&#8220;default&#8220; global_colors_info=&#8220;{}&#8220;][et_pb_text _builder_version=&#8220;4.27.4&#8243; _module_preset=&#8220;default&#8220; global_colors_info=&#8220;{}&#8220;]\n<table id=\"tablepress-4\" class=\"tablepress tablepress-id-4\">\n<thead>\n<tr class=\"row-1\">\n\t<th class=\"column-1\">SIZE<\/th><th class=\"column-2\">XL<\/th><th class=\"column-3\">LI<\/th><th class=\"column-4\">SI<\/th><th class=\"column-5\"><img decoding=\"async\" src=\"https:\/\/goldlinetyres.com\/wp-content\/uploads\/2024\/02\/ico-fuel.png\" \/><\/th><th class=\"column-6\"><img decoding=\"async\" src=\"https:\/\/goldlinetyres.com\/wp-content\/uploads\/2024\/02\/ico-wet.png\" \/><\/th><th class=\"column-7\"><img decoding=\"async\" src=\"https:\/\/goldlinetyres.com\/wp-content\/uploads\/2024\/02\/ico-noise.png\" \/><\/th><th class=\"column-8\"><img decoding=\"async\" src=\"https:\/\/goldlinetyres.com\/wp-content\/uploads\/2024\/02\/ico-grip-snow.png\" \/><\/th><th class=\"column-9\">EPREL<\/th>\n<\/tr>\n<\/thead>\n<tbody class=\"row-striping row-hover\">\n<tr class=\"row-2\">\n\t<td class=\"column-1\"><strong> 75 Series<\/strong><\/td><td class=\"column-2\"><\/td><td class=\"column-3\"><\/td><td class=\"column-4\"><\/td><td class=\"column-5\"><\/td><td class=\"column-6\"><\/td><td class=\"column-7\"><\/td><td class=\"column-8\"><\/td><td class=\"column-9\"><\/td>\n<\/tr>\n<tr class=\"row-3\">\n\t<td class=\"column-1\">235\/75HR15<\/td><td class=\"column-2\"><i class=\"fa fa-check\" aria-hidden=\"true\"><\/i><\/td><td class=\"column-3\">109<\/td><td class=\"column-4\">H<\/td><td class=\"column-5\">D<\/td><td class=\"column-6\">D<\/td><td class=\"column-7\">72B <\/td><td class=\"column-8\"><i class=\"fa fa-times\" aria-hidden=\"true\"><\/i> <\/td><td class=\"column-9\"><a href=\"https:\/\/eprel.ec.europa.eu\/screen\/product\/tyres\/576862\" target=\"_blank\" rel=\"noopener\">Database<\/a><\/td>\n<\/tr>\n<tr class=\"row-4\">\n\t<td class=\"column-1\"><strong> 70 Series<\/strong><\/td><td class=\"column-2\"><\/td><td class=\"column-3\"><\/td><td class=\"column-4\"><\/td><td class=\"column-5\"><\/td><td class=\"column-6\"><\/td><td class=\"column-7\"><\/td><td class=\"column-8\"><\/td><td class=\"column-9\"><\/td>\n<\/tr>\n<tr class=\"row-5\">\n\t<td class=\"column-1\">215\/70HR16<\/td><td class=\"column-2\"><\/td><td class=\"column-3\">100<\/td><td class=\"column-4\">H<\/td><td class=\"column-5\">D<\/td><td class=\"column-6\">D<\/td><td class=\"column-7\">71B<\/td><td class=\"column-8\"><i class=\"fa fa-times\" aria-hidden=\"true\"><\/i> <\/td><td class=\"column-9\"><a href=\"https:\/\/eprel.ec.europa.eu\/screen\/product\/tyres\/576865\" target=\"_blank\" rel=\"noopener\">Database<\/a><\/td>\n<\/tr>\n<tr class=\"row-6\">\n\t<td class=\"column-1\">235\/70HR16<\/td><td class=\"column-2\"><\/td><td class=\"column-3\">106<\/td><td class=\"column-4\">H<\/td><td class=\"column-5\">D<\/td><td class=\"column-6\">D<\/td><td class=\"column-7\">71B<\/td><td class=\"column-8\"><i class=\"fa fa-times\" aria-hidden=\"true\"><\/i> <\/td><td class=\"column-9\"><a href=\"https:\/\/eprel.ec.europa.eu\/screen\/product\/tyres\/576867\" target=\"_blank\" rel=\"noopener\">Database<\/a><\/td>\n<\/tr>\n<tr class=\"row-7\">\n\t<td class=\"column-1\">245\/70HR16<\/td><td class=\"column-2\"><i class=\"fa fa-check\" aria-hidden=\"true\"><\/i><\/td><td class=\"column-3\">111<\/td><td class=\"column-4\">H<\/td><td class=\"column-5\">D<\/td><td class=\"column-6\">D<\/td><td class=\"column-7\">72B <\/td><td class=\"column-8\"><i class=\"fa fa-times\" aria-hidden=\"true\"><\/i> <\/td><td class=\"column-9\"><a href=\"https:\/\/eprel.ec.europa.eu\/screen\/product\/tyres\/576868\" target=\"_blank\" rel=\"noopener\">Database<\/a><\/td>\n<\/tr>\n<tr class=\"row-8\">\n\t<td class=\"column-1\">265\/70HR16<\/td><td class=\"column-2\"><\/td><td class=\"column-3\">112<\/td><td class=\"column-4\">H<\/td><td class=\"column-5\">D<\/td><td class=\"column-6\">D<\/td><td class=\"column-7\">72B <\/td><td class=\"column-8\"><i class=\"fa fa-times\" aria-hidden=\"true\"><\/i> <\/td><td class=\"column-9\"><a href=\"https:\/\/eprel.ec.europa.eu\/screen\/product\/tyres\/576870\" target=\"_blank\" rel=\"noopener\">Database<\/a><\/td>\n<\/tr>\n<tr class=\"row-9\">\n\t<td class=\"column-1\"><strong> 65 Series<\/strong><\/td><td class=\"column-2\"><\/td><td class=\"column-3\"><\/td><td class=\"column-4\"><\/td><td class=\"column-5\"><\/td><td class=\"column-6\"><\/td><td class=\"column-7\"><\/td><td class=\"column-8\"><\/td><td class=\"column-9\"><\/td>\n<\/tr>\n<tr class=\"row-10\">\n\t<td class=\"column-1\">215\/65HR16<\/td><td class=\"column-2\"><\/td><td class=\"column-3\">98<\/td><td class=\"column-4\">H<\/td><td class=\"column-5\">D<\/td><td class=\"column-6\">D<\/td><td class=\"column-7\">71B<\/td><td class=\"column-8\"><i class=\"fa fa-times\" aria-hidden=\"true\"><\/i> <\/td><td class=\"column-9\"><a href=\"https:\/\/eprel.ec.europa.eu\/screen\/product\/tyres\/576864\" target=\"_blank\" rel=\"noopener\">Database<\/a><\/td>\n<\/tr>\n<tr class=\"row-11\">\n\t<td class=\"column-1\">225\/65HR17<\/td><td class=\"column-2\"><\/td><td class=\"column-3\">102<\/td><td class=\"column-4\">H<\/td><td class=\"column-5\">D<\/td><td class=\"column-6\">D<\/td><td class=\"column-7\">71B<\/td><td class=\"column-8\"><i class=\"fa fa-times\" aria-hidden=\"true\"><\/i> <\/td><td class=\"column-9\"><a href=\"https:\/\/eprel.ec.europa.eu\/screen\/product\/tyres\/576874\" target=\"_blank\" rel=\"noopener\">Database<\/a><\/td>\n<\/tr>\n<tr class=\"row-12\">\n\t<td class=\"column-1\">235\/65HR17<\/td><td class=\"column-2\"><i class=\"fa fa-check\" aria-hidden=\"true\"><\/i><\/td><td class=\"column-3\">108<\/td><td class=\"column-4\">H<\/td><td class=\"column-5\">D<\/td><td class=\"column-6\">D<\/td><td class=\"column-7\">72B <\/td><td class=\"column-8\"><i class=\"fa fa-times\" aria-hidden=\"true\"><\/i> <\/td><td class=\"column-9\"><a href=\"https:\/\/eprel.ec.europa.eu\/screen\/product\/tyres\/576875\" target=\"_blank\" rel=\"noopener\">Database<\/a><\/td>\n<\/tr>\n<tr class=\"row-13\">\n\t<td class=\"column-1\">245\/65HR17<\/td><td class=\"column-2\"><i class=\"fa fa-check\" aria-hidden=\"true\"><\/i><\/td><td class=\"column-3\">111<\/td><td class=\"column-4\">H<\/td><td class=\"column-5\">D<\/td><td class=\"column-6\">D<\/td><td class=\"column-7\">72B <\/td><td class=\"column-8\"><i class=\"fa fa-times\" aria-hidden=\"true\"><\/i> <\/td><td class=\"column-9\"><a href=\"https:\/\/eprel.ec.europa.eu\/screen\/product\/tyres\/576876\" target=\"_blank\" rel=\"noopener\">Database<\/a><\/td>\n<\/tr>\n<tr class=\"row-14\">\n\t<td class=\"column-1\">255\/65HR17<\/td><td class=\"column-2\"><\/td><td class=\"column-3\">110<\/td><td class=\"column-4\">H<\/td><td class=\"column-5\">D<\/td><td class=\"column-6\">D<\/td><td class=\"column-7\">72B <\/td><td class=\"column-8\"><i class=\"fa fa-times\" aria-hidden=\"true\"><\/i> <\/td><td class=\"column-9\"><a href=\"https:\/\/eprel.ec.europa.eu\/screen\/product\/tyres\/576877\" target=\"_blank\" rel=\"noopener\">Database<\/a><\/td>\n<\/tr>\n<tr class=\"row-15\">\n\t<td class=\"column-1\"><strong> 60 Series<\/strong><\/td><td class=\"column-2\"><\/td><td class=\"column-3\"><\/td><td class=\"column-4\"><\/td><td class=\"column-5\"><\/td><td class=\"column-6\"><\/td><td class=\"column-7\"><\/td><td class=\"column-8\"><\/td><td class=\"column-9\"><\/td>\n<\/tr>\n<tr class=\"row-16\">\n\t<td class=\"column-1\">215\/60HR17<\/td><td class=\"column-2\"><\/td><td class=\"column-3\">96<\/td><td class=\"column-4\">H<\/td><td class=\"column-5\">D<\/td><td class=\"column-6\">D<\/td><td class=\"column-7\">71B<\/td><td class=\"column-8\"><i class=\"fa fa-times\" aria-hidden=\"true\"><\/i><\/td><td class=\"column-9\"><a href=\"https:\/\/eprel.ec.europa.eu\/screen\/product\/tyres\/1677688\" target=\"_blank\" rel=\"noopener\">Database<\/a><\/td>\n<\/tr>\n<tr class=\"row-17\">\n\t<td class=\"column-1\">225\/60HR17<\/td><td class=\"column-2\"><\/td><td class=\"column-3\">99<\/td><td class=\"column-4\">H<\/td><td class=\"column-5\">D<\/td><td class=\"column-6\">D<\/td><td class=\"column-7\">71B<\/td><td class=\"column-8\"><i class=\"fa fa-times\" aria-hidden=\"true\"><\/i> <\/td><td class=\"column-9\"><a href=\"https:\/\/eprel.ec.europa.eu\/screen\/product\/tyres\/576871\" target=\"_blank\" rel=\"noopener\">Database<\/a><\/td>\n<\/tr>\n<tr class=\"row-18\">\n\t<td class=\"column-1\">235\/60HR16<\/td><td class=\"column-2\"><\/td><td class=\"column-3\">100<\/td><td class=\"column-4\">H<\/td><td class=\"column-5\">D<\/td><td class=\"column-6\">D<\/td><td class=\"column-7\">71B<\/td><td class=\"column-8\"><i class=\"fa fa-times\" aria-hidden=\"true\"><\/i> <\/td><td class=\"column-9\"><a href=\"https:\/\/eprel.ec.europa.eu\/screen\/product\/tyres\/576863\" target=\"_blank\" rel=\"noopener\">Database<\/a><\/td>\n<\/tr>\n<tr class=\"row-19\">\n\t<td class=\"column-1\">255\/60HR17<\/td><td class=\"column-2\"><i class=\"fa fa-check\" aria-hidden=\"true\"><\/i><\/td><td class=\"column-3\">110<\/td><td class=\"column-4\">H<\/td><td class=\"column-5\">D<\/td><td class=\"column-6\">D<\/td><td class=\"column-7\">73B<\/td><td class=\"column-8\"><i class=\"fa fa-times\" aria-hidden=\"true\"><\/i> <\/td><td class=\"column-9\"><a href=\"https:\/\/eprel.ec.europa.eu\/screen\/product\/tyres\/576873\" target=\"_blank\" rel=\"noopener\">Database<\/a><\/td>\n<\/tr>\n<tr class=\"row-20\">\n\t<td class=\"column-1\"><strong> 55 Series<\/strong><\/td><td class=\"column-2\"><\/td><td class=\"column-3\"><\/td><td class=\"column-4\"><\/td><td class=\"column-5\"><\/td><td class=\"column-6\"><\/td><td class=\"column-7\"><\/td><td class=\"column-8\"><\/td><td class=\"column-9\"><\/td>\n<\/tr>\n<tr class=\"row-21\">\n\t<td class=\"column-1\">215\/55VR18<\/td><td class=\"column-2\"><\/td><td class=\"column-3\">99<\/td><td class=\"column-4\">V<\/td><td class=\"column-5\">D<\/td><td class=\"column-6\">D<\/td><td class=\"column-7\">72B<\/td><td class=\"column-8\"><i class=\"fa fa-times\" aria-hidden=\"true\"><\/i><\/td><td class=\"column-9\"><a href=\"https:\/\/eprel.ec.europa.eu\/screen\/product\/tyres\/1677690\" target=\"_blank\" rel=\"noopener\">Database<\/a><\/td>\n<\/tr>\n<tr class=\"row-22\">\n\t<td class=\"column-1\">255\/55VR18<\/td><td class=\"column-2\"><\/td><td class=\"column-3\">98<\/td><td class=\"column-4\">V<\/td><td class=\"column-5\">D<\/td><td class=\"column-6\">D<\/td><td class=\"column-7\">71B<\/td><td class=\"column-8\"><i class=\"fa fa-times\" aria-hidden=\"true\"><\/i><\/td><td class=\"column-9\"><a href=\"https:\/\/eprel.ec.europa.eu\/screen\/product\/tyres\/1677681\" target=\"_blank\" rel=\"noopener\">Database<\/a><\/td>\n<\/tr>\n<\/tbody>\n<\/table>\n<!-- #tablepress-4 from cache -->[\/et_pb_text][\/et_pb_column][\/et_pb_row][\/et_pb_section]<\/p>\n","protected":false},"excerpt":{"rendered":"<p>In jeder Jahreszeit Grip auf der Stra\u00dfe mit Goldline-Reifen.PCR, UHP, 4\u00d74 &amp; LT \u2013 der richtige Reifen f\u00fcr jedes Fahrzeug.Goldline bietet Qualit\u00e4tsreifen zu einem attraktiven Preis.Goldline GHT 500Merkmale &#038; vorteile Gew\u00e4hrleistet guten Grip auf nassen und auf trockenen Fahrbahnen. Geringe W\u00e4rmeentwicklung durch reduzierten Rollwiderstand. Zus\u00e4tzliche Pannensicherheit und erh\u00f6hte Tragf\u00e4higkeit. Gew\u00e4hrleistet eine ruhige, komfortable Fahrt. [table \u201c\u201d not found \/]<br \/>\n<\/p>\n","protected":false},"author":1,"featured_media":0,"parent":3966,"menu_order":0,"comment_status":"closed","ping_status":"closed","template":"","meta":{"_et_pb_use_builder":"on","_et_pb_old_content":"","_et_gb_content_width":"","footnotes":""},"class_list":["post-1499","page","type-page","status-publish","hentry"],"yoast_head":"<!-- This site is optimized with the Yoast SEO plugin v27.1.1 - https:\/\/yoast.com\/product\/yoast-seo-wordpress\/ -->\n<title>GHT 500 | Goldline-Reifen<\/title>\n<meta name=\"description\" content=\"Der Goldline GHT 500 ist ein erschwinglicher Sommerreifen f\u00fcr 4X4-Fahrzeuge. Entdecken Sie die Vorteile und sehen Sie sich das Angebot an.\" \/>\n<meta name=\"robots\" content=\"index, follow, max-snippet:-1, max-image-preview:large, max-video-preview:-1\" \/>\n<link rel=\"canonical\" href=\"https:\/\/goldlinetyres.com\/de\/sommerreifen\/goldline-ght-500\/\" \/>\n<meta property=\"og:locale\" content=\"de_DE\" \/>\n<meta property=\"og:type\" content=\"article\" \/>\n<meta property=\"og:title\" content=\"GHT 500 | Goldline-Reifen\" \/>\n<meta property=\"og:description\" content=\"Der Goldline GHT 500 ist ein erschwinglicher Sommerreifen f\u00fcr 4X4-Fahrzeuge. Entdecken Sie die Vorteile und sehen Sie sich das Angebot an.\" \/>\n<meta property=\"og:url\" content=\"https:\/\/goldlinetyres.com\/de\/sommerreifen\/goldline-ght-500\/\" \/>\n<meta property=\"og:site_name\" content=\"Goldline tyres\" \/>\n<meta property=\"article:modified_time\" content=\"2025-05-16T13:17:59+00:00\" \/>\n<meta name=\"twitter:card\" content=\"summary_large_image\" \/>\n<meta name=\"twitter:label1\" content=\"Gesch\u00e4tzte Lesezeit\" \/>\n\t<meta name=\"twitter:data1\" content=\"3\u00a0Minuten\" \/>\n<script type=\"application\/ld+json\" class=\"yoast-schema-graph\">{\"@context\":\"https:\/\/schema.org\",\"@graph\":[{\"@type\":\"WebPage\",\"@id\":\"https:\/\/goldlinetyres.com\/de\/sommerreifen\/goldline-ght-500\/\",\"url\":\"https:\/\/goldlinetyres.com\/de\/sommerreifen\/goldline-ght-500\/\",\"name\":\"GHT 500 | Goldline-Reifen\",\"isPartOf\":{\"@id\":\"https:\/\/goldlinetyres.com\/de\/#website\"},\"datePublished\":\"2025-05-09T09:26:50+00:00\",\"dateModified\":\"2025-05-16T13:17:59+00:00\",\"description\":\"Der Goldline GHT 500 ist ein erschwinglicher Sommerreifen f\u00fcr 4X4-Fahrzeuge. Entdecken Sie die Vorteile und sehen Sie sich das Angebot an.\",\"breadcrumb\":{\"@id\":\"https:\/\/goldlinetyres.com\/de\/sommerreifen\/goldline-ght-500\/#breadcrumb\"},\"inLanguage\":\"de\",\"potentialAction\":[{\"@type\":\"ReadAction\",\"target\":[\"https:\/\/goldlinetyres.com\/de\/sommerreifen\/goldline-ght-500\/\"]}]},{\"@type\":\"BreadcrumbList\",\"@id\":\"https:\/\/goldlinetyres.com\/de\/sommerreifen\/goldline-ght-500\/#breadcrumb\",\"itemListElement\":[{\"@type\":\"ListItem\",\"position\":1,\"name\":\"Home\",\"item\":\"https:\/\/goldlinetyres.com\/de\/\"},{\"@type\":\"ListItem\",\"position\":2,\"name\":\"Sommerreifen\",\"item\":\"https:\/\/goldlinetyres.com\/de\/sommerreifen\/\"},{\"@type\":\"ListItem\",\"position\":3,\"name\":\"Goldline GHT 500\"}]},{\"@type\":\"WebSite\",\"@id\":\"https:\/\/goldlinetyres.com\/de\/#website\",\"url\":\"https:\/\/goldlinetyres.com\/de\/\",\"name\":\"Goldline tyres\",\"description\":\"Any road is mine\",\"alternateName\":\"Any road is mine\",\"potentialAction\":[{\"@type\":\"SearchAction\",\"target\":{\"@type\":\"EntryPoint\",\"urlTemplate\":\"https:\/\/goldlinetyres.com\/de\/?s={search_term_string}\"},\"query-input\":{\"@type\":\"PropertyValueSpecification\",\"valueRequired\":true,\"valueName\":\"search_term_string\"}}],\"inLanguage\":\"de\"}]}<\/script>\n<!-- \/ Yoast SEO plugin. -->","yoast_head_json":{"title":"GHT 500 | Goldline-Reifen","description":"Der Goldline GHT 500 ist ein erschwinglicher Sommerreifen f\u00fcr 4X4-Fahrzeuge. Entdecken Sie die Vorteile und sehen Sie sich das Angebot an.","robots":{"index":"index","follow":"follow","max-snippet":"max-snippet:-1","max-image-preview":"max-image-preview:large","max-video-preview":"max-video-preview:-1"},"canonical":"https:\/\/goldlinetyres.com\/de\/sommerreifen\/goldline-ght-500\/","og_locale":"de_DE","og_type":"article","og_title":"GHT 500 | Goldline-Reifen","og_description":"Der Goldline GHT 500 ist ein erschwinglicher Sommerreifen f\u00fcr 4X4-Fahrzeuge. Entdecken Sie die Vorteile und sehen Sie sich das Angebot an.","og_url":"https:\/\/goldlinetyres.com\/de\/sommerreifen\/goldline-ght-500\/","og_site_name":"Goldline tyres","article_modified_time":"2025-05-16T13:17:59+00:00","twitter_card":"summary_large_image","twitter_misc":{"Gesch\u00e4tzte Lesezeit":"3\u00a0Minuten"},"schema":{"@context":"https:\/\/schema.org","@graph":[{"@type":"WebPage","@id":"https:\/\/goldlinetyres.com\/de\/sommerreifen\/goldline-ght-500\/","url":"https:\/\/goldlinetyres.com\/de\/sommerreifen\/goldline-ght-500\/","name":"GHT 500 | Goldline-Reifen","isPartOf":{"@id":"https:\/\/goldlinetyres.com\/de\/#website"},"datePublished":"2025-05-09T09:26:50+00:00","dateModified":"2025-05-16T13:17:59+00:00","description":"Der Goldline GHT 500 ist ein erschwinglicher Sommerreifen f\u00fcr 4X4-Fahrzeuge. Entdecken Sie die Vorteile und sehen Sie sich das Angebot an.","breadcrumb":{"@id":"https:\/\/goldlinetyres.com\/de\/sommerreifen\/goldline-ght-500\/#breadcrumb"},"inLanguage":"de","potentialAction":[{"@type":"ReadAction","target":["https:\/\/goldlinetyres.com\/de\/sommerreifen\/goldline-ght-500\/"]}]},{"@type":"BreadcrumbList","@id":"https:\/\/goldlinetyres.com\/de\/sommerreifen\/goldline-ght-500\/#breadcrumb","itemListElement":[{"@type":"ListItem","position":1,"name":"Home","item":"https:\/\/goldlinetyres.com\/de\/"},{"@type":"ListItem","position":2,"name":"Sommerreifen","item":"https:\/\/goldlinetyres.com\/de\/sommerreifen\/"},{"@type":"ListItem","position":3,"name":"Goldline GHT 500"}]},{"@type":"WebSite","@id":"https:\/\/goldlinetyres.com\/de\/#website","url":"https:\/\/goldlinetyres.com\/de\/","name":"Goldline tyres","description":"Any road is mine","alternateName":"Any road is mine","potentialAction":[{"@type":"SearchAction","target":{"@type":"EntryPoint","urlTemplate":"https:\/\/goldlinetyres.com\/de\/?s={search_term_string}"},"query-input":{"@type":"PropertyValueSpecification","valueRequired":true,"valueName":"search_term_string"}}],"inLanguage":"de"}]}},"_links":{"self":[{"href":"https:\/\/goldlinetyres.com\/de\/wp-json\/wp\/v2\/pages\/1499","targetHints":{"allow":["GET"]}}],"collection":[{"href":"https:\/\/goldlinetyres.com\/de\/wp-json\/wp\/v2\/pages"}],"about":[{"href":"https:\/\/goldlinetyres.com\/de\/wp-json\/wp\/v2\/types\/page"}],"author":[{"embeddable":true,"href":"https:\/\/goldlinetyres.com\/de\/wp-json\/wp\/v2\/users\/1"}],"replies":[{"embeddable":true,"href":"https:\/\/goldlinetyres.com\/de\/wp-json\/wp\/v2\/comments?post=1499"}],"version-history":[{"count":8,"href":"https:\/\/goldlinetyres.com\/de\/wp-json\/wp\/v2\/pages\/1499\/revisions"}],"predecessor-version":[{"id":3641,"href":"https:\/\/goldlinetyres.com\/de\/wp-json\/wp\/v2\/pages\/1499\/revisions\/3641"}],"up":[{"embeddable":true,"href":"https:\/\/goldlinetyres.com\/de\/wp-json\/wp\/v2\/pages\/3966"}],"wp:attachment":[{"href":"https:\/\/goldlinetyres.com\/de\/wp-json\/wp\/v2\/media?parent=1499"}],"curies":[{"name":"wp","href":"https:\/\/api.w.org\/{rel}","templated":true}]}}