{"id":847,"date":"2025-05-07T10:10:57","date_gmt":"2025-05-07T10:10:57","guid":{"rendered":"https:\/\/goldlinetyres.com\/contact\/"},"modified":"2025-09-24T07:46:53","modified_gmt":"2025-09-24T07:46:53","slug":"kontakt","status":"publish","type":"page","link":"https:\/\/goldlinetyres.com\/cs\/kontakt\/","title":{"rendered":"Kontakt"},"content":{"rendered":"<p>[et_pb_section fb_built=&#8220;1&#8243; custom_padding_last_edited=&#8220;on|phone&#8220; _builder_version=&#8220;4.27.4&#8243; _module_preset=&#8220;default&#8220; background_image=&#8220;https:\/\/goldlinetyres.com\/wp-content\/uploads\/2025\/05\/celorocni-pneumatiky-goldline.jpg&#8220; background_position=&#8220;bottom_left&#8220; custom_padding=&#8220;8%||8%||true|false&#8220; custom_padding_tablet=&#8220;8%||8%||true|false&#8220; custom_padding_phone=&#8220;12%||12%||true|false&#8220; background_last_edited=&#8220;on|phone&#8220; use_background_color_gradient_phone=&#8220;on&#8220; background_color_gradient_stops_phone=&#8220;rgba(110,110,109,0.6) 0%|rgba(110,110,109,0.6) 100%&#8220; border_color_top=&#8220;#f7a600&#8243; global_colors_info=&#8220;{}&#8220;][\/et_pb_section][et_pb_section fb_built=&#8220;1&#8243; disabled_on=&#8220;on|off|off&#8220; _builder_version=&#8220;4.24.1&#8243; _module_preset=&#8220;default&#8220; background_color=&#8220;#000000&#8243; custom_padding=&#8220;8px||6px||false|false&#8220; global_colors_info=&#8220;{}&#8220;][et_pb_row column_structure=&#8220;1_3,1_3,1_3&#8243; use_custom_gutter=&#8220;on&#8220; _builder_version=&#8220;4.27.4&#8243; _module_preset=&#8220;default&#8220; max_width=&#8220;1280px&#8220; global_colors_info=&#8220;{}&#8220;][et_pb_column type=&#8220;1_3&#8243; _builder_version=&#8220;4.20.4&#8243; _module_preset=&#8220;default&#8220; global_colors_info=&#8220;{}&#8220;][et_pb_blurb title=&#8220;Pro v\u0161echna ro\u010dn\u00ed obdob\u00ed&#8220; image=&#8220;https:\/\/goldlinetyres.com\/wp-content\/uploads\/2025\/05\/ico-star.png&#8220; alt=&#8220;Goldline&#8220; icon_placement=&#8220;left&#8220; image_icon_width=&#8220;26px&#8220; _builder_version=&#8220;4.27.4&#8243; _module_preset=&#8220;default&#8220; header_font=&#8220;|700|on|on|||||&#8220; header_text_color=&#8220;#f7a600&#8243; header_font_size=&#8220;20px&#8220; body_text_color=&#8220;#FFFFFF&#8220; body_font_size=&#8220;16px&#8220; animation=&#8220;off&#8220; global_colors_info=&#8220;{}&#8220;]<\/p>\n<p>V\u017edy pod kontrolou s letn\u00edmi, celoro\u010dn\u00edmi a zimn\u00edmi pneumatikami Goldline.<\/p>\n<p>[\/et_pb_blurb][\/et_pb_column][et_pb_column type=&#8220;1_3&#8243; _builder_version=&#8220;4.20.4&#8243; _module_preset=&#8220;default&#8220; global_colors_info=&#8220;{}&#8220;][et_pb_blurb title=&#8220;Kompletn\u00ed sortiment&#8220; image=&#8220;https:\/\/goldlinetyres.com\/wp-content\/uploads\/2025\/05\/ico-star.png&#8220; alt=&#8220;Goldline&#8220; icon_placement=&#8220;left&#8220; image_icon_width=&#8220;26px&#8220; _builder_version=&#8220;4.27.4&#8243; _module_preset=&#8220;default&#8220; header_font=&#8220;|700|on|on|||||&#8220; header_text_color=&#8220;#f7a600&#8243; header_font_size=&#8220;20px&#8220; body_text_color=&#8220;#FFFFFF&#8220; body_font_size=&#8220;16px&#8220; animation=&#8220;off&#8220; global_colors_info=&#8220;{}&#8220;]<\/p>\n<p>PCR, UHP, 4\u00d74 &amp; LT \u2013 spr\u00e1vn\u00e1 pneumatika pro ka\u017ed\u00e9 vozidlo.<\/p>\n<p>[\/et_pb_blurb][\/et_pb_column][et_pb_column type=&#8220;1_3&#8243; _builder_version=&#8220;4.20.4&#8243; _module_preset=&#8220;default&#8220; global_colors_info=&#8220;{}&#8220;][et_pb_blurb title=&#8220;Cena \/ Kvalita&#8220; image=&#8220;https:\/\/goldlinetyres.com\/wp-content\/uploads\/2025\/05\/ico-star.png&#8220; alt=&#8220;Goldline&#8220; icon_placement=&#8220;left&#8220; image_icon_width=&#8220;26px&#8220; _builder_version=&#8220;4.27.4&#8243; _module_preset=&#8220;default&#8220; header_font=&#8220;|700|on|on|||||&#8220; header_text_color=&#8220;#f7a600&#8243; header_font_size=&#8220;20px&#8220; body_text_color=&#8220;#FFFFFF&#8220; body_font_size=&#8220;16px&#8220; animation=&#8220;off&#8220; global_colors_info=&#8220;{}&#8220;]<\/p>\n<p>Goldline nab\u00edz\u00ed kvalitn\u00ed pneumatiky za atraktivn\u00ed cenu.<\/p>\n<p>[\/et_pb_blurb][\/et_pb_column][\/et_pb_row][\/et_pb_section][et_pb_section fb_built=&#8220;1&#8243; _builder_version=&#8220;4.20.4&#8243; _module_preset=&#8220;default&#8220; custom_padding=&#8220;4%||4%||false|false&#8220; global_colors_info=&#8220;{}&#8220;][et_pb_row _builder_version=&#8220;4.20.4&#8243; _module_preset=&#8220;default&#8220; max_width=&#8220;780px&#8220; global_colors_info=&#8220;{}&#8220;][et_pb_column type=&#8220;4_4&#8243; _builder_version=&#8220;4.20.4&#8243; _module_preset=&#8220;default&#8220; global_colors_info=&#8220;{}&#8220;][et_pb_text _builder_version=&#8220;4.27.4&#8243; _module_preset=&#8220;default&#8220; text_font_size=&#8220;16px&#8220; text_line_height=&#8220;2em&#8220; header_3_font=&#8220;|800||on|||||&#8220; header_3_text_align=&#8220;center&#8220; header_3_font_size=&#8220;28px&#8220; text_orientation=&#8220;center&#8220; header_3_font_size_tablet=&#8220;32px&#8220; header_3_font_size_phone=&#8220;24px&#8220; header_3_font_size_last_edited=&#8220;on|phone&#8220; header_3_line_height_tablet=&#8220;&#8220; header_3_line_height_phone=&#8220;1.2em&#8220; header_3_line_height_last_edited=&#8220;on|phone&#8220; global_colors_info=&#8220;{}&#8220;]<\/p>\n<h3>Kontakt<\/h3>\n<p>Chcete se dozv\u011bd\u011bt v\u00edce o rozs\u00e1hl\u00e9m sortimentu Goldline nebo o mo\u017enostech st\u00e1t se prodejcem Goldline? Vypl\u0148te n\u00ed\u017ee uveden\u00fd formul\u00e1\u0159 a my v\u00e1s budeme co nejd\u0159\u00edve kontaktovat.[\/et_pb_text][et_pb_contact_form use_spam_service=&#8220;on&#8220; recaptcha_list=&#8220;Goldlinetyrescom|Goldlinetyrescom-0&#8243; email=&#8220;sales@vandenban.nl&#8220; custom_message=&#8220;Iemand heeft het contactformulier op goldlintyres.com ingevuld. Graag contact opnemen.||et_pb_line_break_holder||||et_pb_line_break_holder||%%bedrijfsnaam%%||et_pb_line_break_holder||%%contactpersoon%%||et_pb_line_break_holder||%%adres%%||et_pb_line_break_holder||%%postcode%%||et_pb_line_break_holder||%%woonplaats%%||et_pb_line_break_holder||%%telefoon%%||et_pb_line_break_holder||%%email%%||et_pb_line_break_holder||%%bericht%%&#8220; success_message=&#8220;D\u011bkujeme za va\u0161i zpr\u00e1vu. Budeme v\u00e1s kontaktovat co nejd\u0159\u00edve.&#8220; submit_button_text=&#8220;Odeslat&#8220; _builder_version=&#8220;4.27.4&#8243; _module_preset=&#8220;default&#8220; _unique_id=&#8220;5294ad3b-94ad-4d11-ad14-1a9a6697af32&#8243; form_field_custom_margin=&#8220;||20px||false|false&#8220; form_field_custom_padding=&#8220;||||false|false&#8220; form_field_font_size=&#8220;16px&#8220; form_field_line_height=&#8220;2em&#8220; custom_button=&#8220;on&#8220; button_text_size=&#8220;16px&#8220; button_text_color=&#8220;#FFFFFF&#8220; button_bg_color=&#8220;#000000&#8243; button_border_color=&#8220;#000000&#8243; button_border_radius=&#8220;4px&#8220; button_font=&#8220;|700||on|||||&#8220; button_use_icon=&#8220;off&#8220; button_custom_padding=&#8220;10px|32px|10px|32px|true|true&#8220; custom_padding=&#8220;||||false|false&#8220; custom_css_free_form=&#8220;.et-pb-contact-message {||    font-size: 16px;||    text-align: center;||    font-weight: bold;||}&#8220; border_radii=&#8220;on|6px|6px|6px|6px&#8220; global_colors_info=&#8220;{}&#8220; button_text_color__hover_enabled=&#8220;on|hover&#8220; button_text_color__hover=&#8220;#000000&#8243; button_bg_color__hover_enabled=&#8220;on|hover&#8220; button_bg_color__hover=&#8220;#c4c4c4&#8243; button_bg_enable_color__hover=&#8220;on&#8220; button_border_color__hover_enabled=&#8220;on|hover&#8220; button_border_color__hover=&#8220;#c4c4c4&#8243;][et_pb_contact_field field_id=&#8220;bedrijfsnaam&#8220; field_title=&#8220;N\u00e1zev spole\u010dnosti&#8220; _builder_version=&#8220;4.27.4&#8243; global_colors_info=&#8220;{}&#8220; button_text_size__hover_enabled=&#8220;off&#8220; button_one_text_size__hover_enabled=&#8220;off&#8220; button_two_text_size__hover_enabled=&#8220;off&#8220; button_text_color__hover_enabled=&#8220;off&#8220; button_one_text_color__hover_enabled=&#8220;off&#8220; button_two_text_color__hover_enabled=&#8220;off&#8220; button_border_width__hover_enabled=&#8220;off&#8220; button_one_border_width__hover_enabled=&#8220;off&#8220; button_two_border_width__hover_enabled=&#8220;off&#8220; button_border_color__hover_enabled=&#8220;off&#8220; button_one_border_color__hover_enabled=&#8220;off&#8220; button_two_border_color__hover_enabled=&#8220;off&#8220; button_border_radius__hover_enabled=&#8220;off&#8220; button_one_border_radius__hover_enabled=&#8220;off&#8220; button_two_border_radius__hover_enabled=&#8220;off&#8220; button_letter_spacing__hover_enabled=&#8220;off&#8220; button_one_letter_spacing__hover_enabled=&#8220;off&#8220; button_two_letter_spacing__hover_enabled=&#8220;off&#8220; button_bg_color__hover_enabled=&#8220;off&#8220; button_one_bg_color__hover_enabled=&#8220;off&#8220; button_two_bg_color__hover_enabled=&#8220;off&#8220;][\/et_pb_contact_field][et_pb_contact_field field_id=&#8220;contactpersoon&#8220; field_title=&#8220;Kontaktn\u00ed osoba&#8220; required_mark=&#8220;off&#8220; _builder_version=&#8220;4.27.4&#8243; global_colors_info=&#8220;{}&#8220; button_text_size__hover_enabled=&#8220;off&#8220; button_one_text_size__hover_enabled=&#8220;off&#8220; button_two_text_size__hover_enabled=&#8220;off&#8220; button_text_color__hover_enabled=&#8220;off&#8220; button_one_text_color__hover_enabled=&#8220;off&#8220; button_two_text_color__hover_enabled=&#8220;off&#8220; button_border_width__hover_enabled=&#8220;off&#8220; button_one_border_width__hover_enabled=&#8220;off&#8220; button_two_border_width__hover_enabled=&#8220;off&#8220; button_border_color__hover_enabled=&#8220;off&#8220; button_one_border_color__hover_enabled=&#8220;off&#8220; button_two_border_color__hover_enabled=&#8220;off&#8220; button_border_radius__hover_enabled=&#8220;off&#8220; button_one_border_radius__hover_enabled=&#8220;off&#8220; button_two_border_radius__hover_enabled=&#8220;off&#8220; button_letter_spacing__hover_enabled=&#8220;off&#8220; button_one_letter_spacing__hover_enabled=&#8220;off&#8220; button_two_letter_spacing__hover_enabled=&#8220;off&#8220; button_bg_color__hover_enabled=&#8220;off&#8220; button_one_bg_color__hover_enabled=&#8220;off&#8220; button_two_bg_color__hover_enabled=&#8220;off&#8220;][\/et_pb_contact_field][et_pb_contact_field field_id=&#8220;adres&#8220; field_title=&#8220;Adresa&#8220; required_mark=&#8220;off&#8220; fullwidth_field=&#8220;on&#8220; _builder_version=&#8220;4.27.4&#8243; global_colors_info=&#8220;{}&#8220; button_text_size__hover_enabled=&#8220;off&#8220; button_one_text_size__hover_enabled=&#8220;off&#8220; button_two_text_size__hover_enabled=&#8220;off&#8220; button_text_color__hover_enabled=&#8220;off&#8220; button_one_text_color__hover_enabled=&#8220;off&#8220; button_two_text_color__hover_enabled=&#8220;off&#8220; button_border_width__hover_enabled=&#8220;off&#8220; button_one_border_width__hover_enabled=&#8220;off&#8220; button_two_border_width__hover_enabled=&#8220;off&#8220; button_border_color__hover_enabled=&#8220;off&#8220; button_one_border_color__hover_enabled=&#8220;off&#8220; button_two_border_color__hover_enabled=&#8220;off&#8220; button_border_radius__hover_enabled=&#8220;off&#8220; button_one_border_radius__hover_enabled=&#8220;off&#8220; button_two_border_radius__hover_enabled=&#8220;off&#8220; button_letter_spacing__hover_enabled=&#8220;off&#8220; button_one_letter_spacing__hover_enabled=&#8220;off&#8220; button_two_letter_spacing__hover_enabled=&#8220;off&#8220; button_bg_color__hover_enabled=&#8220;off&#8220; button_one_bg_color__hover_enabled=&#8220;off&#8220; button_two_bg_color__hover_enabled=&#8220;off&#8220;][\/et_pb_contact_field][et_pb_contact_field field_id=&#8220;postcode&#8220; field_title=&#8220;PS\u010c&#8220; required_mark=&#8220;off&#8220; _builder_version=&#8220;4.27.4&#8243; global_colors_info=&#8220;{}&#8220; button_text_size__hover_enabled=&#8220;off&#8220; button_one_text_size__hover_enabled=&#8220;off&#8220; button_two_text_size__hover_enabled=&#8220;off&#8220; button_text_color__hover_enabled=&#8220;off&#8220; button_one_text_color__hover_enabled=&#8220;off&#8220; button_two_text_color__hover_enabled=&#8220;off&#8220; button_border_width__hover_enabled=&#8220;off&#8220; button_one_border_width__hover_enabled=&#8220;off&#8220; button_two_border_width__hover_enabled=&#8220;off&#8220; button_border_color__hover_enabled=&#8220;off&#8220; button_one_border_color__hover_enabled=&#8220;off&#8220; button_two_border_color__hover_enabled=&#8220;off&#8220; button_border_radius__hover_enabled=&#8220;off&#8220; button_one_border_radius__hover_enabled=&#8220;off&#8220; button_two_border_radius__hover_enabled=&#8220;off&#8220; button_letter_spacing__hover_enabled=&#8220;off&#8220; button_one_letter_spacing__hover_enabled=&#8220;off&#8220; button_two_letter_spacing__hover_enabled=&#8220;off&#8220; button_bg_color__hover_enabled=&#8220;off&#8220; button_one_bg_color__hover_enabled=&#8220;off&#8220; button_two_bg_color__hover_enabled=&#8220;off&#8220;][\/et_pb_contact_field][et_pb_contact_field field_id=&#8220;woonplaats&#8220; field_title=&#8220;M\u011bsto&#8220; required_mark=&#8220;off&#8220; _builder_version=&#8220;4.27.4&#8243; global_colors_info=&#8220;{}&#8220; button_text_size__hover_enabled=&#8220;off&#8220; button_one_text_size__hover_enabled=&#8220;off&#8220; button_two_text_size__hover_enabled=&#8220;off&#8220; button_text_color__hover_enabled=&#8220;off&#8220; button_one_text_color__hover_enabled=&#8220;off&#8220; button_two_text_color__hover_enabled=&#8220;off&#8220; button_border_width__hover_enabled=&#8220;off&#8220; button_one_border_width__hover_enabled=&#8220;off&#8220; button_two_border_width__hover_enabled=&#8220;off&#8220; button_border_color__hover_enabled=&#8220;off&#8220; button_one_border_color__hover_enabled=&#8220;off&#8220; button_two_border_color__hover_enabled=&#8220;off&#8220; button_border_radius__hover_enabled=&#8220;off&#8220; button_one_border_radius__hover_enabled=&#8220;off&#8220; button_two_border_radius__hover_enabled=&#8220;off&#8220; button_letter_spacing__hover_enabled=&#8220;off&#8220; button_one_letter_spacing__hover_enabled=&#8220;off&#8220; button_two_letter_spacing__hover_enabled=&#8220;off&#8220; button_bg_color__hover_enabled=&#8220;off&#8220; button_one_bg_color__hover_enabled=&#8220;off&#8220; button_two_bg_color__hover_enabled=&#8220;off&#8220;][\/et_pb_contact_field][et_pb_contact_field field_id=&#8220;telefoon&#8220; field_title=&#8220;Telefonn\u00ed \u010d\u00edslo&#8220; _builder_version=&#8220;4.27.4&#8243; global_colors_info=&#8220;{}&#8220; button_text_size__hover_enabled=&#8220;off&#8220; button_one_text_size__hover_enabled=&#8220;off&#8220; button_two_text_size__hover_enabled=&#8220;off&#8220; button_text_color__hover_enabled=&#8220;off&#8220; button_one_text_color__hover_enabled=&#8220;off&#8220; button_two_text_color__hover_enabled=&#8220;off&#8220; button_border_width__hover_enabled=&#8220;off&#8220; button_one_border_width__hover_enabled=&#8220;off&#8220; button_two_border_width__hover_enabled=&#8220;off&#8220; button_border_color__hover_enabled=&#8220;off&#8220; button_one_border_color__hover_enabled=&#8220;off&#8220; button_two_border_color__hover_enabled=&#8220;off&#8220; button_border_radius__hover_enabled=&#8220;off&#8220; button_one_border_radius__hover_enabled=&#8220;off&#8220; button_two_border_radius__hover_enabled=&#8220;off&#8220; button_letter_spacing__hover_enabled=&#8220;off&#8220; button_one_letter_spacing__hover_enabled=&#8220;off&#8220; button_two_letter_spacing__hover_enabled=&#8220;off&#8220; button_bg_color__hover_enabled=&#8220;off&#8220; button_one_bg_color__hover_enabled=&#8220;off&#8220; button_two_bg_color__hover_enabled=&#8220;off&#8220;][\/et_pb_contact_field][et_pb_contact_field field_id=&#8220;email&#8220; field_title=&#8220;E-mail&#8220; field_type=&#8220;email&#8220; _builder_version=&#8220;4.27.4&#8243; global_colors_info=&#8220;{}&#8220; button_text_size__hover_enabled=&#8220;off&#8220; button_one_text_size__hover_enabled=&#8220;off&#8220; button_two_text_size__hover_enabled=&#8220;off&#8220; button_text_color__hover_enabled=&#8220;off&#8220; button_one_text_color__hover_enabled=&#8220;off&#8220; button_two_text_color__hover_enabled=&#8220;off&#8220; button_border_width__hover_enabled=&#8220;off&#8220; button_one_border_width__hover_enabled=&#8220;off&#8220; button_two_border_width__hover_enabled=&#8220;off&#8220; button_border_color__hover_enabled=&#8220;off&#8220; button_one_border_color__hover_enabled=&#8220;off&#8220; button_two_border_color__hover_enabled=&#8220;off&#8220; button_border_radius__hover_enabled=&#8220;off&#8220; button_one_border_radius__hover_enabled=&#8220;off&#8220; button_two_border_radius__hover_enabled=&#8220;off&#8220; button_letter_spacing__hover_enabled=&#8220;off&#8220; button_one_letter_spacing__hover_enabled=&#8220;off&#8220; button_two_letter_spacing__hover_enabled=&#8220;off&#8220; button_bg_color__hover_enabled=&#8220;off&#8220; button_one_bg_color__hover_enabled=&#8220;off&#8220; button_two_bg_color__hover_enabled=&#8220;off&#8220;][\/et_pb_contact_field][et_pb_contact_field field_id=&#8220;bericht&#8220; field_title=&#8220;Zpr\u00e1va&#8220; field_type=&#8220;text&#8220; required_mark=&#8220;off&#8220; fullwidth_field=&#8220;on&#8220; _builder_version=&#8220;4.27.4&#8243; global_colors_info=&#8220;{}&#8220; button_text_size__hover_enabled=&#8220;off&#8220; button_one_text_size__hover_enabled=&#8220;off&#8220; button_two_text_size__hover_enabled=&#8220;off&#8220; button_text_color__hover_enabled=&#8220;off&#8220; button_one_text_color__hover_enabled=&#8220;off&#8220; button_two_text_color__hover_enabled=&#8220;off&#8220; button_border_width__hover_enabled=&#8220;off&#8220; button_one_border_width__hover_enabled=&#8220;off&#8220; button_two_border_width__hover_enabled=&#8220;off&#8220; button_border_color__hover_enabled=&#8220;off&#8220; button_one_border_color__hover_enabled=&#8220;off&#8220; button_two_border_color__hover_enabled=&#8220;off&#8220; button_border_radius__hover_enabled=&#8220;off&#8220; button_one_border_radius__hover_enabled=&#8220;off&#8220; button_two_border_radius__hover_enabled=&#8220;off&#8220; button_letter_spacing__hover_enabled=&#8220;off&#8220; button_one_letter_spacing__hover_enabled=&#8220;off&#8220; button_two_letter_spacing__hover_enabled=&#8220;off&#8220; button_bg_color__hover_enabled=&#8220;off&#8220; button_one_bg_color__hover_enabled=&#8220;off&#8220; button_two_bg_color__hover_enabled=&#8220;off&#8220;][\/et_pb_contact_field][\/et_pb_contact_form][\/et_pb_column][\/et_pb_row][\/et_pb_section]<\/p>\n","protected":false},"excerpt":{"rendered":"<p>V\u017edy pod kontrolou s letn\u00edmi, celoro\u010dn\u00edmi a zimn\u00edmi pneumatikami Goldline.PCR, UHP, 4\u00d74 &amp; LT \u2013 spr\u00e1vn\u00e1 pneumatika pro ka\u017ed\u00e9 vozidlo.Goldline nab\u00edz\u00ed kvalitn\u00ed pneumatiky za atraktivn\u00ed cenu.Kontakt Chcete se dozv\u011bd\u011bt v\u00edce o rozs\u00e1hl\u00e9m sortimentu Goldline nebo o mo\u017enostech st\u00e1t se prodejcem Goldline? Vypl\u0148te n\u00ed\u017ee uveden\u00fd formul\u00e1\u0159 a my v\u00e1s budeme co nejd\u0159\u00edve kontaktovat.<\/p>\n","protected":false},"author":1,"featured_media":0,"parent":0,"menu_order":0,"comment_status":"closed","ping_status":"closed","template":"","meta":{"_et_pb_use_builder":"on","_et_pb_old_content":"","_et_gb_content_width":"","footnotes":""},"class_list":["post-847","page","type-page","status-publish","hentry"],"yoast_head":"<!-- This site is optimized with the Yoast SEO plugin v27.1.1 - https:\/\/yoast.com\/product\/yoast-seo-wordpress\/ -->\n<title>Kontakt | Pneumatiky Goldline<\/title>\n<meta name=\"description\" content=\"Chcete se dozv\u011bd\u011bt v\u00edce o zna\u010dce Goldline a jej\u00edm \u0161irok\u00e9m sortimentu? Pak n\u00e1s jednodu\u0161e kontaktujte prost\u0159ednictv\u00edm kontaktn\u00edho formul\u00e1\u0159e.\" \/>\n<meta name=\"robots\" content=\"index, follow, max-snippet:-1, max-image-preview:large, max-video-preview:-1\" \/>\n<link rel=\"canonical\" href=\"https:\/\/goldlinetyres.com\/cs\/kontakt\/\" \/>\n<meta property=\"og:locale\" content=\"cs_CZ\" \/>\n<meta property=\"og:type\" content=\"article\" \/>\n<meta property=\"og:title\" content=\"Kontakt | Pneumatiky Goldline\" \/>\n<meta property=\"og:description\" content=\"Chcete se dozv\u011bd\u011bt v\u00edce o zna\u010dce Goldline a jej\u00edm \u0161irok\u00e9m sortimentu? Pak n\u00e1s jednodu\u0161e kontaktujte prost\u0159ednictv\u00edm kontaktn\u00edho formul\u00e1\u0159e.\" \/>\n<meta property=\"og:url\" content=\"https:\/\/goldlinetyres.com\/cs\/kontakt\/\" \/>\n<meta property=\"og:site_name\" content=\"Goldline tyres\" \/>\n<meta property=\"article:modified_time\" content=\"2025-09-24T07:46:53+00:00\" \/>\n<meta name=\"twitter:card\" content=\"summary_large_image\" \/>\n<meta name=\"twitter:label1\" content=\"Odhadovan\u00e1 doba \u010dten\u00ed\" \/>\n\t<meta name=\"twitter:data1\" content=\"1 minuta\" \/>\n<script type=\"application\/ld+json\" class=\"yoast-schema-graph\">{\"@context\":\"https:\/\/schema.org\",\"@graph\":[{\"@type\":\"WebPage\",\"@id\":\"https:\/\/goldlinetyres.com\/cs\/kontakt\/\",\"url\":\"https:\/\/goldlinetyres.com\/cs\/kontakt\/\",\"name\":\"Kontakt | Pneumatiky Goldline\",\"isPartOf\":{\"@id\":\"https:\/\/goldlinetyres.com\/cs\/#website\"},\"datePublished\":\"2025-05-07T10:10:57+00:00\",\"dateModified\":\"2025-09-24T07:46:53+00:00\",\"description\":\"Chcete se dozv\u011bd\u011bt v\u00edce o zna\u010dce Goldline a jej\u00edm \u0161irok\u00e9m sortimentu? Pak n\u00e1s jednodu\u0161e kontaktujte prost\u0159ednictv\u00edm kontaktn\u00edho formul\u00e1\u0159e.\",\"breadcrumb\":{\"@id\":\"https:\/\/goldlinetyres.com\/cs\/kontakt\/#breadcrumb\"},\"inLanguage\":\"cs\",\"potentialAction\":[{\"@type\":\"ReadAction\",\"target\":[\"https:\/\/goldlinetyres.com\/cs\/kontakt\/\"]}]},{\"@type\":\"BreadcrumbList\",\"@id\":\"https:\/\/goldlinetyres.com\/cs\/kontakt\/#breadcrumb\",\"itemListElement\":[{\"@type\":\"ListItem\",\"position\":1,\"name\":\"Home\",\"item\":\"https:\/\/goldlinetyres.com\/cs\/\"},{\"@type\":\"ListItem\",\"position\":2,\"name\":\"Kontakt\"}]},{\"@type\":\"WebSite\",\"@id\":\"https:\/\/goldlinetyres.com\/cs\/#website\",\"url\":\"https:\/\/goldlinetyres.com\/cs\/\",\"name\":\"Goldline tyres\",\"description\":\"Any road is mine\",\"alternateName\":\"Any road is mine\",\"potentialAction\":[{\"@type\":\"SearchAction\",\"target\":{\"@type\":\"EntryPoint\",\"urlTemplate\":\"https:\/\/goldlinetyres.com\/cs\/?s={search_term_string}\"},\"query-input\":{\"@type\":\"PropertyValueSpecification\",\"valueRequired\":true,\"valueName\":\"search_term_string\"}}],\"inLanguage\":\"cs\"}]}<\/script>\n<!-- \/ Yoast SEO plugin. -->","yoast_head_json":{"title":"Kontakt | Pneumatiky Goldline","description":"Chcete se dozv\u011bd\u011bt v\u00edce o zna\u010dce Goldline a jej\u00edm \u0161irok\u00e9m sortimentu? Pak n\u00e1s jednodu\u0161e kontaktujte prost\u0159ednictv\u00edm kontaktn\u00edho formul\u00e1\u0159e.","robots":{"index":"index","follow":"follow","max-snippet":"max-snippet:-1","max-image-preview":"max-image-preview:large","max-video-preview":"max-video-preview:-1"},"canonical":"https:\/\/goldlinetyres.com\/cs\/kontakt\/","og_locale":"cs_CZ","og_type":"article","og_title":"Kontakt | Pneumatiky Goldline","og_description":"Chcete se dozv\u011bd\u011bt v\u00edce o zna\u010dce Goldline a jej\u00edm \u0161irok\u00e9m sortimentu? Pak n\u00e1s jednodu\u0161e kontaktujte prost\u0159ednictv\u00edm kontaktn\u00edho formul\u00e1\u0159e.","og_url":"https:\/\/goldlinetyres.com\/cs\/kontakt\/","og_site_name":"Goldline tyres","article_modified_time":"2025-09-24T07:46:53+00:00","twitter_card":"summary_large_image","twitter_misc":{"Odhadovan\u00e1 doba \u010dten\u00ed":"1 minuta"},"schema":{"@context":"https:\/\/schema.org","@graph":[{"@type":"WebPage","@id":"https:\/\/goldlinetyres.com\/cs\/kontakt\/","url":"https:\/\/goldlinetyres.com\/cs\/kontakt\/","name":"Kontakt | Pneumatiky Goldline","isPartOf":{"@id":"https:\/\/goldlinetyres.com\/cs\/#website"},"datePublished":"2025-05-07T10:10:57+00:00","dateModified":"2025-09-24T07:46:53+00:00","description":"Chcete se dozv\u011bd\u011bt v\u00edce o zna\u010dce Goldline a jej\u00edm \u0161irok\u00e9m sortimentu? Pak n\u00e1s jednodu\u0161e kontaktujte prost\u0159ednictv\u00edm kontaktn\u00edho formul\u00e1\u0159e.","breadcrumb":{"@id":"https:\/\/goldlinetyres.com\/cs\/kontakt\/#breadcrumb"},"inLanguage":"cs","potentialAction":[{"@type":"ReadAction","target":["https:\/\/goldlinetyres.com\/cs\/kontakt\/"]}]},{"@type":"BreadcrumbList","@id":"https:\/\/goldlinetyres.com\/cs\/kontakt\/#breadcrumb","itemListElement":[{"@type":"ListItem","position":1,"name":"Home","item":"https:\/\/goldlinetyres.com\/cs\/"},{"@type":"ListItem","position":2,"name":"Kontakt"}]},{"@type":"WebSite","@id":"https:\/\/goldlinetyres.com\/cs\/#website","url":"https:\/\/goldlinetyres.com\/cs\/","name":"Goldline tyres","description":"Any road is mine","alternateName":"Any road is mine","potentialAction":[{"@type":"SearchAction","target":{"@type":"EntryPoint","urlTemplate":"https:\/\/goldlinetyres.com\/cs\/?s={search_term_string}"},"query-input":{"@type":"PropertyValueSpecification","valueRequired":true,"valueName":"search_term_string"}}],"inLanguage":"cs"}]}},"_links":{"self":[{"href":"https:\/\/goldlinetyres.com\/cs\/wp-json\/wp\/v2\/pages\/847","targetHints":{"allow":["GET"]}}],"collection":[{"href":"https:\/\/goldlinetyres.com\/cs\/wp-json\/wp\/v2\/pages"}],"about":[{"href":"https:\/\/goldlinetyres.com\/cs\/wp-json\/wp\/v2\/types\/page"}],"author":[{"embeddable":true,"href":"https:\/\/goldlinetyres.com\/cs\/wp-json\/wp\/v2\/users\/1"}],"replies":[{"embeddable":true,"href":"https:\/\/goldlinetyres.com\/cs\/wp-json\/wp\/v2\/comments?post=847"}],"version-history":[{"count":12,"href":"https:\/\/goldlinetyres.com\/cs\/wp-json\/wp\/v2\/pages\/847\/revisions"}],"predecessor-version":[{"id":3935,"href":"https:\/\/goldlinetyres.com\/cs\/wp-json\/wp\/v2\/pages\/847\/revisions\/3935"}],"wp:attachment":[{"href":"https:\/\/goldlinetyres.com\/cs\/wp-json\/wp\/v2\/media?parent=847"}],"curies":[{"name":"wp","href":"https:\/\/api.w.org\/{rel}","templated":true}]}}