{"id":1589,"date":"2025-05-09T10:15:14","date_gmt":"2025-05-09T10:15:14","guid":{"rendered":"https:\/\/goldlinetyres.com\/goldline-gltw91\/"},"modified":"2025-05-16T12:56:35","modified_gmt":"2025-05-16T12:56:35","slug":"goldline-gltw91","status":"publish","type":"page","link":"https:\/\/goldlinetyres.com\/cs\/zimni-pneumatiky\/goldline-gltw91\/","title":{"rendered":"Goldline gltw91"},"content":{"rendered":"<p>[et_pb_section fb_built=&#8220;1&#8243; custom_padding_last_edited=&#8220;on|phone&#8220; _builder_version=&#8220;4.27.4&#8243; _module_preset=&#8220;default&#8220; background_image=&#8220;https:\/\/goldlinetyres.com\/wp-content\/uploads\/2025\/05\/zimni-pneumatiky-goldline.jpg&#8220; background_position=&#8220;bottom_left&#8220; custom_padding=&#8220;8%||8%||true|false&#8220; custom_padding_tablet=&#8220;8%||8%||true|false&#8220; custom_padding_phone=&#8220;12%||12%||true|false&#8220; background_last_edited=&#8220;on|phone&#8220; use_background_color_gradient_phone=&#8220;on&#8220; background_color_gradient_stops_phone=&#8220;rgba(110,110,109,0.6) 0%|rgba(110,110,109,0.6) 100%&#8220; border_color_top=&#8220;#f7a600&#8243; global_colors_info=&#8220;{}&#8220;][\/et_pb_section][et_pb_section fb_built=&#8220;1&#8243; disabled_on=&#8220;on|off|off&#8220; _builder_version=&#8220;4.24.1&#8243; _module_preset=&#8220;default&#8220; background_color=&#8220;#000000&#8243; custom_padding=&#8220;8px||6px||false|false&#8220; global_colors_info=&#8220;{}&#8220;][et_pb_row column_structure=&#8220;1_3,1_3,1_3&#8243; use_custom_gutter=&#8220;on&#8220; _builder_version=&#8220;4.27.4&#8243; _module_preset=&#8220;default&#8220; max_width=&#8220;1280px&#8220; global_colors_info=&#8220;{}&#8220;][et_pb_column type=&#8220;1_3&#8243; _builder_version=&#8220;4.20.4&#8243; _module_preset=&#8220;default&#8220; global_colors_info=&#8220;{}&#8220;][et_pb_blurb title=&#8220;Pro v\u0161echna ro\u010dn\u00ed obdob\u00ed&#8220; image=&#8220;https:\/\/goldlinetyres.com\/wp-content\/uploads\/2025\/05\/icon-star.png&#8220; icon_placement=&#8220;left&#8220; image_icon_width=&#8220;26px&#8220; _builder_version=&#8220;4.27.4&#8243; _module_preset=&#8220;default&#8220; header_font=&#8220;|700|on|on|||||&#8220; header_text_color=&#8220;#f7a600&#8243; header_font_size=&#8220;20px&#8220; body_text_color=&#8220;#FFFFFF&#8220; body_font_size=&#8220;16px&#8220; animation=&#8220;off&#8220; global_colors_info=&#8220;{}&#8220;]<\/p>\n<p>V\u017edy pod kontrolou s letn\u00edmi, celoro\u010dn\u00edmi a zimn\u00edmi pneumatikami Goldline.<\/p>\n<p>[\/et_pb_blurb][\/et_pb_column][et_pb_column type=&#8220;1_3&#8243; _builder_version=&#8220;4.20.4&#8243; _module_preset=&#8220;default&#8220; global_colors_info=&#8220;{}&#8220;][et_pb_blurb title=&#8220;Kompletn\u00ed sortiment&#8220; image=&#8220;https:\/\/goldlinetyres.com\/wp-content\/uploads\/2025\/05\/icon-star.png&#8220; icon_placement=&#8220;left&#8220; image_icon_width=&#8220;26px&#8220; _builder_version=&#8220;4.27.4&#8243; _module_preset=&#8220;default&#8220; header_font=&#8220;|700|on|on|||||&#8220; header_text_color=&#8220;#f7a600&#8243; header_font_size=&#8220;20px&#8220; body_text_color=&#8220;#FFFFFF&#8220; body_font_size=&#8220;16px&#8220; animation=&#8220;off&#8220; global_colors_info=&#8220;{}&#8220;]<\/p>\n<p>PCR, UHP, 4\u00d74 &amp; LT \u2013 spr\u00e1vn\u00e1 pneumatika pro ka\u017ed\u00e9 vozidlo.<\/p>\n<p>[\/et_pb_blurb][\/et_pb_column][et_pb_column type=&#8220;1_3&#8243; _builder_version=&#8220;4.20.4&#8243; _module_preset=&#8220;default&#8220; global_colors_info=&#8220;{}&#8220;][et_pb_blurb title=&#8220;Cena \/ Kvalita&#8220; image=&#8220;https:\/\/goldlinetyres.com\/wp-content\/uploads\/2025\/05\/icon-star.png&#8220; icon_placement=&#8220;left&#8220; image_icon_width=&#8220;26px&#8220; _builder_version=&#8220;4.27.4&#8243; _module_preset=&#8220;default&#8220; header_font=&#8220;|700|on|on|||||&#8220; header_text_color=&#8220;#f7a600&#8243; header_font_size=&#8220;20px&#8220; body_text_color=&#8220;#FFFFFF&#8220; body_font_size=&#8220;16px&#8220; animation=&#8220;off&#8220; global_colors_info=&#8220;{}&#8220;]<\/p>\n<p>Goldline nab\u00edz\u00ed kvalitn\u00ed pneumatiky za atraktivn\u00ed cenu.<\/p>\n<p>[\/et_pb_blurb][\/et_pb_column][\/et_pb_row][\/et_pb_section][et_pb_section fb_built=&#8220;1&#8243; _builder_version=&#8220;4.24.1&#8243; _module_preset=&#8220;default&#8220; background_enable_color=&#8220;off&#8220; background_enable_image=&#8220;off&#8220; custom_padding=&#8220;4%||4%||true|false&#8220; border_color_bottom=&#8220;#f7a600&#8243; global_colors_info=&#8220;{}&#8220;][et_pb_row column_structure=&#8220;1_3,2_3&#8243; use_custom_gutter=&#8220;on&#8220; _builder_version=&#8220;4.27.4&#8243; _module_preset=&#8220;default&#8220; max_width=&#8220;1280px&#8220; global_colors_info=&#8220;{}&#8220;][et_pb_column type=&#8220;1_3&#8243; _builder_version=&#8220;4.27.4&#8243; _module_preset=&#8220;default&#8220; custom_padding=&#8220;6%||||false|false&#8220; custom_padding_tablet=&#8220;6%||20%||false|false&#8220; custom_padding_phone=&#8220;6%||0%||false|false&#8220; custom_padding_last_edited=&#8220;on|phone&#8220; sticky_limit_bottom=&#8220;body&#8220; sticky_position_tablet=&#8220;top&#8220; sticky_position_phone=&#8220;none&#8220; sticky_position_last_edited=&#8220;on|phone&#8220; global_colors_info=&#8220;{}&#8220;][et_pb_image src=&#8220;https:\/\/goldlinetyres.com\/wp-content\/uploads\/2025\/05\/goldline-gltw91.png&#8220; alt=&#8220;Goldline gltw91&#8243; title_text=&#8220;Goldline gltw91&#8243; _builder_version=&#8220;4.27.4&#8243; _module_preset=&#8220;default&#8220; border_width_right=&#8220;1px&#8220; border_color_right=&#8220;#706f6f&#8220; border_color_bottom=&#8220;#000000&#8243; global_colors_info=&#8220;{}&#8220;][\/et_pb_image][et_pb_text _builder_version=&#8220;4.27.4&#8243; _module_preset=&#8220;default&#8220; header_3_font=&#8220;Open Sans|700|||||||&#8220; header_3_text_align=&#8220;left&#8220; header_3_text_color=&#8220;#FFFFFF&#8220; background_color=&#8220;#f7a600&#8243; max_width=&#8220;80%&#8220; custom_margin=&#8220;||4%||false|false&#8220; custom_padding=&#8220;10px||1px|5%|false|false&#8220; global_colors_info=&#8220;{}&#8220;]<\/p>\n<h3>Goldline gltw91<\/h3>\n<p>[\/et_pb_text][et_pb_text _builder_version=&#8220;4.27.4&#8243; _module_preset=&#8220;default&#8220; text_font=&#8220;|600||on|||||&#8220; text_text_color=&#8220;#FFFFFF&#8220; text_font_size=&#8220;18px&#8220; header_font=&#8220;|700|||||||&#8220; background_color=&#8220;#706f6f&#8220; custom_padding=&#8220;7px||6px|5%|false|false&#8220; global_colors_info=&#8220;{}&#8220;]Vlastnosti a v\u00fdhody[\/et_pb_text][et_pb_blurb alt=&#8220;Goldline winterbanden&#8220; image_icon_width=&#8220;38%&#8220; module_id=&#8220;home-list&#8220; _builder_version=&#8220;4.27.4&#8243; _module_preset=&#8220;default&#8220; header_font=&#8220;|700||on|||||&#8220; header_text_align=&#8220;center&#8220; header_font_size=&#8220;22px&#8220; body_text_align=&#8220;left&#8220; body_font_size=&#8220;16px&#8220; body_line_height=&#8220;2em&#8220; body_ul_font_size=&#8220;16px&#8220; body_ul_line_height=&#8220;2em&#8220; custom_margin=&#8220;||2%||false|false&#8220; custom_padding=&#8220;||0px||false|false&#8220; global_colors_info=&#8220;{}&#8220;]<\/p>\n<ul>\n<li>Poskytuje optm\u00e1ln\u00ed v\u00fdkon na mokr\u00e9m povrchu i za zhor\u0161en\u00fdch podm\u00ednek na sn\u011bhu i ledu.<\/li>\n<li>Zlep\u0161uje trakci a ovladatelnost ve sn\u011bhov\u00fdch podm\u00ednk\u00e1ch.<\/li>\n<li>Poskytuje zvy\u0161enou nosnost a odolnost.<\/li>\n<\/ul>\n<p>[\/et_pb_blurb][et_pb_button button_url=&#8220;https:\/\/goldlinetyres.com\/wp-content\/uploads\/2025\/05\/Goldline-brochure-CZ.pdf&#8220; url_new_window=&#8220;on&#8220; button_text=&#8220;St\u00e1hnout bro\u017euru&#8220; button_alignment=&#8220;left&#8220; _builder_version=&#8220;4.27.4&#8243; _module_preset=&#8220;default&#8220; custom_button=&#8220;on&#8220; button_text_size=&#8220;16px&#8220; button_text_color=&#8220;#FFFFFF&#8220; button_bg_color=&#8220;#000000&#8243; button_border_color=&#8220;#000000&#8243; button_border_radius=&#8220;4px&#8220; button_font=&#8220;Open Sans|700||on|||||&#8220; button_use_icon=&#8220;off&#8220; custom_margin=&#8220;||||false|false&#8220; custom_padding=&#8220;3%||3%||true|true&#8220; global_colors_info=&#8220;{}&#8220; button_text_color__hover_enabled=&#8220;on|hover&#8220; button_text_color__hover=&#8220;#000000&#8243; button_bg_color__hover_enabled=&#8220;on|hover&#8220; button_bg_color__hover=&#8220;#c4c4c4&#8243; button_bg_enable_color__hover=&#8220;on&#8220; button_border_color__hover_enabled=&#8220;on|hover&#8220; button_border_color__hover=&#8220;#c4c4c4&#8243;][\/et_pb_button][\/et_pb_column][et_pb_column type=&#8220;2_3&#8243; _builder_version=&#8220;4.20.4&#8243; _module_preset=&#8220;default&#8220; global_colors_info=&#8220;{}&#8220;][et_pb_text _builder_version=&#8220;4.27.4&#8243; _module_preset=&#8220;default&#8220; global_colors_info=&#8220;{}&#8220;]\n<table id=\"tablepress-6\" class=\"tablepress tablepress-id-6\">\n<thead>\n<tr class=\"row-1\">\n\t<th class=\"column-1\">SIZE<\/th><th class=\"column-2\">XL<\/th><th class=\"column-3\">LI<\/th><th class=\"column-4\">SI<\/th><th class=\"column-5\"><img decoding=\"async\" src=\"https:\/\/goldlinetyres.com\/wp-content\/uploads\/2024\/02\/ico-fuel.png\" \/><\/th><th class=\"column-6\"><img decoding=\"async\" src=\"https:\/\/goldlinetyres.com\/wp-content\/uploads\/2024\/02\/ico-wet.png\" \/><\/th><th class=\"column-7\"><img decoding=\"async\" src=\"https:\/\/goldlinetyres.com\/wp-content\/uploads\/2024\/02\/ico-noise.png\" \/><\/th><th class=\"column-8\"><img decoding=\"async\" src=\"https:\/\/goldlinetyres.com\/wp-content\/uploads\/2024\/02\/ico-grip-snow.png\" \/><\/th><th class=\"column-9\">EPREL<\/th>\n<\/tr>\n<\/thead>\n<tbody class=\"row-striping row-hover\">\n<tr class=\"row-2\">\n\t<td class=\"column-1\"><strong> 70 Series<\/strong><\/td><td class=\"column-2\"><\/td><td class=\"column-3\"><\/td><td class=\"column-4\"><\/td><td class=\"column-5\"><\/td><td class=\"column-6\"><\/td><td class=\"column-7\"><\/td><td class=\"column-8\"><\/td><td class=\"column-9\"><\/td>\n<\/tr>\n<tr class=\"row-3\">\n\t<td class=\"column-1\">195\/70R15C<\/td><td class=\"column-2\"><\/td><td class=\"column-3\">104<\/td><td class=\"column-4\">R<\/td><td class=\"column-5\">D<\/td><td class=\"column-6\">D<\/td><td class=\"column-7\">73B <\/td><td class=\"column-8\"><i class=\"fa fa-check\" aria-hidden=\"true\"><\/i><\/td><td class=\"column-9\"><a href=\"https:\/\/eprel.ec.europa.eu\/screen\/product\/tyres\/771311\" target=\"_blank\" rel=\"noopener\">Database<\/a><\/td>\n<\/tr>\n<tr class=\"row-4\">\n\t<td class=\"column-1\">215\/70R15C<\/td><td class=\"column-2\"><\/td><td class=\"column-3\">109<\/td><td class=\"column-4\">R<\/td><td class=\"column-5\">E<\/td><td class=\"column-6\">D<\/td><td class=\"column-7\">73B<br \/>\n<\/td><td class=\"column-8\"><i class=\"fa fa-check\" aria-hidden=\"true\"><\/i><\/td><td class=\"column-9\"><a href=\"https:\/\/eprel.ec.europa.eu\/screen\/product\/tyres\/771312\" target=\"_blank\" rel=\"noopener\">Database<\/a><\/td>\n<\/tr>\n<tr class=\"row-5\">\n\t<td class=\"column-1\"><strong> 65 Series<\/strong><\/td><td class=\"column-2\"><\/td><td class=\"column-3\"><\/td><td class=\"column-4\"><\/td><td class=\"column-5\"><\/td><td class=\"column-6\"><\/td><td class=\"column-7\"><\/td><td class=\"column-8\"><\/td><td class=\"column-9\"><\/td>\n<\/tr>\n<tr class=\"row-6\">\n\t<td class=\"column-1\">215\/65R16C<\/td><td class=\"column-2\"><\/td><td class=\"column-3\">109<\/td><td class=\"column-4\">R<\/td><td class=\"column-5\">E<\/td><td class=\"column-6\">D<\/td><td class=\"column-7\">73B<\/td><td class=\"column-8\"><i class=\"fa fa-check\" aria-hidden=\"true\"><\/i><\/td><td class=\"column-9\"><a href=\"https:\/\/eprel.ec.europa.eu\/screen\/product\/tyres\/771309\" target=\"_blank\" rel=\"noopener\">Database<\/a><\/td>\n<\/tr>\n<\/tbody>\n<\/table>\n<!-- #tablepress-6 from cache -->[\/et_pb_text][\/et_pb_column][\/et_pb_row][\/et_pb_section]<\/p>\n","protected":false},"excerpt":{"rendered":"<p>V\u017edy pod kontrolou s letn\u00edmi, celoro\u010dn\u00edmi a zimn\u00edmi pneumatikami Goldline.PCR, UHP, 4\u00d74 &amp; LT \u2013 spr\u00e1vn\u00e1 pneumatika pro ka\u017ed\u00e9 vozidlo.Goldline nab\u00edz\u00ed kvalitn\u00ed pneumatiky za atraktivn\u00ed cenu.Goldline gltw91Vlastnosti a v\u00fdhody Poskytuje optm\u00e1ln\u00ed v\u00fdkon na mokr\u00e9m povrchu i za zhor\u0161en\u00fdch podm\u00ednek na sn\u011bhu i ledu. Zlep\u0161uje trakci a ovladatelnost ve sn\u011bhov\u00fdch podm\u00ednk\u00e1ch. Poskytuje zvy\u0161enou nosnost a odolnost. [&hellip;]<\/p>\n","protected":false},"author":1,"featured_media":0,"parent":3957,"menu_order":0,"comment_status":"closed","ping_status":"closed","template":"","meta":{"_et_pb_use_builder":"on","_et_pb_old_content":"","_et_gb_content_width":"","footnotes":""},"class_list":["post-1589","page","type-page","status-publish","hentry"],"yoast_head":"<!-- This site is optimized with the Yoast SEO plugin v27.1.1 - https:\/\/yoast.com\/product\/yoast-seo-wordpress\/ -->\n<title>gltw91 | Pneumatiky Goldline<\/title>\n<meta name=\"description\" content=\"Goldline gltw91 je cenov\u011b dostupn\u00e1 zimn\u00ed pneumatika ur\u010den\u00e1 pro dod\u00e1vky. Objevte jej\u00ed v\u00fdhody a prohl\u00e9dn\u011bte si nab\u00eddku.\" \/>\n<meta name=\"robots\" content=\"index, follow, max-snippet:-1, max-image-preview:large, max-video-preview:-1\" \/>\n<link rel=\"canonical\" href=\"https:\/\/goldlinetyres.com\/cs\/zimni-pneumatiky\/goldline-gltw91\/\" \/>\n<meta property=\"og:locale\" content=\"cs_CZ\" \/>\n<meta property=\"og:type\" content=\"article\" \/>\n<meta property=\"og:title\" content=\"gltw91 | Pneumatiky Goldline\" \/>\n<meta property=\"og:description\" content=\"Goldline gltw91 je cenov\u011b dostupn\u00e1 zimn\u00ed pneumatika ur\u010den\u00e1 pro dod\u00e1vky. Objevte jej\u00ed v\u00fdhody a prohl\u00e9dn\u011bte si nab\u00eddku.\" \/>\n<meta property=\"og:url\" content=\"https:\/\/goldlinetyres.com\/cs\/zimni-pneumatiky\/goldline-gltw91\/\" \/>\n<meta property=\"og:site_name\" content=\"Goldline tyres\" \/>\n<meta property=\"article:modified_time\" content=\"2025-05-16T12:56:35+00:00\" \/>\n<meta name=\"twitter:card\" content=\"summary_large_image\" \/>\n<meta name=\"twitter:label1\" content=\"Odhadovan\u00e1 doba \u010dten\u00ed\" \/>\n\t<meta name=\"twitter:data1\" content=\"3 minuty\" \/>\n<script type=\"application\/ld+json\" class=\"yoast-schema-graph\">{\"@context\":\"https:\/\/schema.org\",\"@graph\":[{\"@type\":\"WebPage\",\"@id\":\"https:\/\/goldlinetyres.com\/cs\/zimni-pneumatiky\/goldline-gltw91\/\",\"url\":\"https:\/\/goldlinetyres.com\/cs\/zimni-pneumatiky\/goldline-gltw91\/\",\"name\":\"gltw91 | Pneumatiky Goldline\",\"isPartOf\":{\"@id\":\"https:\/\/goldlinetyres.com\/cs\/#website\"},\"datePublished\":\"2025-05-09T10:15:14+00:00\",\"dateModified\":\"2025-05-16T12:56:35+00:00\",\"description\":\"Goldline gltw91 je cenov\u011b dostupn\u00e1 zimn\u00ed pneumatika ur\u010den\u00e1 pro dod\u00e1vky. Objevte jej\u00ed v\u00fdhody a prohl\u00e9dn\u011bte si nab\u00eddku.\",\"breadcrumb\":{\"@id\":\"https:\/\/goldlinetyres.com\/cs\/zimni-pneumatiky\/goldline-gltw91\/#breadcrumb\"},\"inLanguage\":\"cs\",\"potentialAction\":[{\"@type\":\"ReadAction\",\"target\":[\"https:\/\/goldlinetyres.com\/cs\/zimni-pneumatiky\/goldline-gltw91\/\"]}]},{\"@type\":\"BreadcrumbList\",\"@id\":\"https:\/\/goldlinetyres.com\/cs\/zimni-pneumatiky\/goldline-gltw91\/#breadcrumb\",\"itemListElement\":[{\"@type\":\"ListItem\",\"position\":1,\"name\":\"Home\",\"item\":\"https:\/\/goldlinetyres.com\/cs\/\"},{\"@type\":\"ListItem\",\"position\":2,\"name\":\"Zimn\u00ed pneumatiky\",\"item\":\"https:\/\/goldlinetyres.com\/cs\/zimni-pneumatiky\/\"},{\"@type\":\"ListItem\",\"position\":3,\"name\":\"Goldline gltw91\"}]},{\"@type\":\"WebSite\",\"@id\":\"https:\/\/goldlinetyres.com\/cs\/#website\",\"url\":\"https:\/\/goldlinetyres.com\/cs\/\",\"name\":\"Goldline tyres\",\"description\":\"Any road is mine\",\"alternateName\":\"Any road is mine\",\"potentialAction\":[{\"@type\":\"SearchAction\",\"target\":{\"@type\":\"EntryPoint\",\"urlTemplate\":\"https:\/\/goldlinetyres.com\/cs\/?s={search_term_string}\"},\"query-input\":{\"@type\":\"PropertyValueSpecification\",\"valueRequired\":true,\"valueName\":\"search_term_string\"}}],\"inLanguage\":\"cs\"}]}<\/script>\n<!-- \/ Yoast SEO plugin. -->","yoast_head_json":{"title":"gltw91 | Pneumatiky Goldline","description":"Goldline gltw91 je cenov\u011b dostupn\u00e1 zimn\u00ed pneumatika ur\u010den\u00e1 pro dod\u00e1vky. Objevte jej\u00ed v\u00fdhody a prohl\u00e9dn\u011bte si nab\u00eddku.","robots":{"index":"index","follow":"follow","max-snippet":"max-snippet:-1","max-image-preview":"max-image-preview:large","max-video-preview":"max-video-preview:-1"},"canonical":"https:\/\/goldlinetyres.com\/cs\/zimni-pneumatiky\/goldline-gltw91\/","og_locale":"cs_CZ","og_type":"article","og_title":"gltw91 | Pneumatiky Goldline","og_description":"Goldline gltw91 je cenov\u011b dostupn\u00e1 zimn\u00ed pneumatika ur\u010den\u00e1 pro dod\u00e1vky. Objevte jej\u00ed v\u00fdhody a prohl\u00e9dn\u011bte si nab\u00eddku.","og_url":"https:\/\/goldlinetyres.com\/cs\/zimni-pneumatiky\/goldline-gltw91\/","og_site_name":"Goldline tyres","article_modified_time":"2025-05-16T12:56:35+00:00","twitter_card":"summary_large_image","twitter_misc":{"Odhadovan\u00e1 doba \u010dten\u00ed":"3 minuty"},"schema":{"@context":"https:\/\/schema.org","@graph":[{"@type":"WebPage","@id":"https:\/\/goldlinetyres.com\/cs\/zimni-pneumatiky\/goldline-gltw91\/","url":"https:\/\/goldlinetyres.com\/cs\/zimni-pneumatiky\/goldline-gltw91\/","name":"gltw91 | Pneumatiky Goldline","isPartOf":{"@id":"https:\/\/goldlinetyres.com\/cs\/#website"},"datePublished":"2025-05-09T10:15:14+00:00","dateModified":"2025-05-16T12:56:35+00:00","description":"Goldline gltw91 je cenov\u011b dostupn\u00e1 zimn\u00ed pneumatika ur\u010den\u00e1 pro dod\u00e1vky. Objevte jej\u00ed v\u00fdhody a prohl\u00e9dn\u011bte si nab\u00eddku.","breadcrumb":{"@id":"https:\/\/goldlinetyres.com\/cs\/zimni-pneumatiky\/goldline-gltw91\/#breadcrumb"},"inLanguage":"cs","potentialAction":[{"@type":"ReadAction","target":["https:\/\/goldlinetyres.com\/cs\/zimni-pneumatiky\/goldline-gltw91\/"]}]},{"@type":"BreadcrumbList","@id":"https:\/\/goldlinetyres.com\/cs\/zimni-pneumatiky\/goldline-gltw91\/#breadcrumb","itemListElement":[{"@type":"ListItem","position":1,"name":"Home","item":"https:\/\/goldlinetyres.com\/cs\/"},{"@type":"ListItem","position":2,"name":"Zimn\u00ed pneumatiky","item":"https:\/\/goldlinetyres.com\/cs\/zimni-pneumatiky\/"},{"@type":"ListItem","position":3,"name":"Goldline gltw91"}]},{"@type":"WebSite","@id":"https:\/\/goldlinetyres.com\/cs\/#website","url":"https:\/\/goldlinetyres.com\/cs\/","name":"Goldline tyres","description":"Any road is mine","alternateName":"Any road is mine","potentialAction":[{"@type":"SearchAction","target":{"@type":"EntryPoint","urlTemplate":"https:\/\/goldlinetyres.com\/cs\/?s={search_term_string}"},"query-input":{"@type":"PropertyValueSpecification","valueRequired":true,"valueName":"search_term_string"}}],"inLanguage":"cs"}]}},"_links":{"self":[{"href":"https:\/\/goldlinetyres.com\/cs\/wp-json\/wp\/v2\/pages\/1589","targetHints":{"allow":["GET"]}}],"collection":[{"href":"https:\/\/goldlinetyres.com\/cs\/wp-json\/wp\/v2\/pages"}],"about":[{"href":"https:\/\/goldlinetyres.com\/cs\/wp-json\/wp\/v2\/types\/page"}],"author":[{"embeddable":true,"href":"https:\/\/goldlinetyres.com\/cs\/wp-json\/wp\/v2\/users\/1"}],"replies":[{"embeddable":true,"href":"https:\/\/goldlinetyres.com\/cs\/wp-json\/wp\/v2\/comments?post=1589"}],"version-history":[{"count":9,"href":"https:\/\/goldlinetyres.com\/cs\/wp-json\/wp\/v2\/pages\/1589\/revisions"}],"predecessor-version":[{"id":3555,"href":"https:\/\/goldlinetyres.com\/cs\/wp-json\/wp\/v2\/pages\/1589\/revisions\/3555"}],"up":[{"embeddable":true,"href":"https:\/\/goldlinetyres.com\/cs\/wp-json\/wp\/v2\/pages\/3957"}],"wp:attachment":[{"href":"https:\/\/goldlinetyres.com\/cs\/wp-json\/wp\/v2\/media?parent=1589"}],"curies":[{"name":"wp","href":"https:\/\/api.w.org\/{rel}","templated":true}]}}