{"id":1073,"date":"2025-05-09T08:26:04","date_gmt":"2025-05-09T08:26:04","guid":{"rendered":"https:\/\/goldlinetyres.com\/disclaimer\/"},"modified":"2025-05-14T11:59:06","modified_gmt":"2025-05-14T11:59:06","slug":"vylouceni-odpovednosti","status":"publish","type":"page","link":"https:\/\/goldlinetyres.com\/cs\/vylouceni-odpovednosti\/","title":{"rendered":"Vylou\u010den\u00ed odpov\u011bdnosti"},"content":{"rendered":"<p>[et_pb_section fb_built=&#8220;1&#8243; _builder_version=&#8220;4.27.4&#8243; _module_preset=&#8220;default&#8220; global_colors_info=&#8220;{}&#8220;][et_pb_row _builder_version=&#8220;4.27.4&#8243; _module_preset=&#8220;default&#8220; global_colors_info=&#8220;{}&#8220;][et_pb_column type=&#8220;4_4&#8243; _builder_version=&#8220;4.27.4&#8243; _module_preset=&#8220;default&#8220; global_colors_info=&#8220;{}&#8220;][et_pb_text _builder_version=&#8220;4.27.4&#8243; _module_preset=&#8220;default&#8220; text_font_size=&#8220;16px&#8220; text_line_height=&#8220;2em&#8220; header_3_font=&#8220;|800||on|||||&#8220; header_3_font_size=&#8220;28px&#8220; header_3_font_size_tablet=&#8220;28px&#8220; header_3_font_size_phone=&#8220;24px&#8220; header_3_font_size_last_edited=&#8220;on|phone&#8220; header_3_line_height_tablet=&#8220;&#8220; header_3_line_height_phone=&#8220;1.2em&#8220; header_3_line_height_last_edited=&#8220;on|phone&#8220; global_colors_info=&#8220;{}&#8220;]<\/p>\n<h3>Vylou\u010den\u00ed odpov\u011bdnosti<\/h3>\n<p>Although this website has been compiled with the greatest possible care, Van den Ban Autobanden B.V. or any of its affiliated companies cannot guarantee that the information provided is complete, correct, and up to date. No rights can be derived from or claims made based on the content of this website.<\/p>\n<p>Van den Ban Autobanden B.V. is not liable for any direct or indirect damage resulting from the use of the information offered on this website. The use of this website and the information contained therein is at the user\u2019s own risk.<\/p>\n<p>Images, logos, product names, and brand names are and remain the property of the manufacturers and\/or suppliers. Their use is solely intended to clarify product descriptions and to provide potential buyers with accurate information.<\/p>\n<p>Van den Ban Autobanden B.V. reserves the right to modify the content of this website at any time and without prior notice. Any inaccuracies, typographical errors, or changes in specifications are subject to correction.[\/et_pb_text][\/et_pb_column][\/et_pb_row][\/et_pb_section]<\/p>\n","protected":false},"excerpt":{"rendered":"<p>Vylou\u010den\u00ed odpov\u011bdnosti Although this website has been compiled with the greatest possible care, Van den Ban Autobanden B.V. or any of its affiliated companies cannot guarantee that the information provided is complete, correct, and up to date. No rights can be derived from or claims made based on the content of this website. Van den [&hellip;]<\/p>\n","protected":false},"author":1,"featured_media":0,"parent":0,"menu_order":0,"comment_status":"closed","ping_status":"closed","template":"","meta":{"_et_pb_use_builder":"on","_et_pb_old_content":"","_et_gb_content_width":"","footnotes":""},"class_list":["post-1073","page","type-page","status-publish","hentry"],"yoast_head":"<!-- This site is optimized with the Yoast SEO plugin v27.3 - https:\/\/yoast.com\/product\/yoast-seo-wordpress\/ -->\n<title>Vylou\u010den\u00ed odpov\u011bdnosti | Pneumatiky Goldline<\/title>\n<meta name=\"robots\" content=\"index, follow, max-snippet:-1, max-image-preview:large, max-video-preview:-1\" \/>\n<link rel=\"canonical\" href=\"https:\/\/goldlinetyres.com\/cs\/vylouceni-odpovednosti\/\" \/>\n<meta property=\"og:locale\" content=\"cs_CZ\" \/>\n<meta property=\"og:type\" content=\"article\" \/>\n<meta property=\"og:title\" content=\"Vylou\u010den\u00ed odpov\u011bdnosti | Pneumatiky Goldline\" \/>\n<meta property=\"og:description\" content=\"Vylou\u010den\u00ed odpov\u011bdnosti Although this website has been compiled with the greatest possible care, Van den Ban Autobanden B.V. or any of its affiliated companies cannot guarantee that the information provided is complete, correct, and up to date. No rights can be derived from or claims made based on the content of this website. Van den [&hellip;]\" \/>\n<meta property=\"og:url\" content=\"https:\/\/goldlinetyres.com\/cs\/vylouceni-odpovednosti\/\" \/>\n<meta property=\"og:site_name\" content=\"Goldline tyres\" \/>\n<meta property=\"article:modified_time\" content=\"2025-05-14T11:59:06+00:00\" \/>\n<meta name=\"twitter:card\" content=\"summary_large_image\" \/>\n<meta name=\"twitter:label1\" content=\"Odhadovan\u00e1 doba \u010dten\u00ed\" \/>\n\t<meta name=\"twitter:data1\" content=\"1 minuta\" \/>\n<script type=\"application\/ld+json\" class=\"yoast-schema-graph\">{\"@context\":\"https:\\\/\\\/schema.org\",\"@graph\":[{\"@type\":\"WebPage\",\"@id\":\"https:\\\/\\\/goldlinetyres.com\\\/cs\\\/vylouceni-odpovednosti\\\/\",\"url\":\"https:\\\/\\\/goldlinetyres.com\\\/cs\\\/vylouceni-odpovednosti\\\/\",\"name\":\"Vylou\u010den\u00ed odpov\u011bdnosti | Pneumatiky Goldline\",\"isPartOf\":{\"@id\":\"https:\\\/\\\/goldlinetyres.com\\\/cs\\\/#website\"},\"datePublished\":\"2025-05-09T08:26:04+00:00\",\"dateModified\":\"2025-05-14T11:59:06+00:00\",\"breadcrumb\":{\"@id\":\"https:\\\/\\\/goldlinetyres.com\\\/cs\\\/vylouceni-odpovednosti\\\/#breadcrumb\"},\"inLanguage\":\"cs\",\"potentialAction\":[{\"@type\":\"ReadAction\",\"target\":[\"https:\\\/\\\/goldlinetyres.com\\\/cs\\\/vylouceni-odpovednosti\\\/\"]}]},{\"@type\":\"BreadcrumbList\",\"@id\":\"https:\\\/\\\/goldlinetyres.com\\\/cs\\\/vylouceni-odpovednosti\\\/#breadcrumb\",\"itemListElement\":[{\"@type\":\"ListItem\",\"position\":1,\"name\":\"Home\",\"item\":\"https:\\\/\\\/goldlinetyres.com\\\/cs\\\/\"},{\"@type\":\"ListItem\",\"position\":2,\"name\":\"Vylou\u010den\u00ed odpov\u011bdnosti\"}]},{\"@type\":\"WebSite\",\"@id\":\"https:\\\/\\\/goldlinetyres.com\\\/cs\\\/#website\",\"url\":\"https:\\\/\\\/goldlinetyres.com\\\/cs\\\/\",\"name\":\"Goldline tyres\",\"description\":\"Any road is mine\",\"alternateName\":\"Any road is mine\",\"potentialAction\":[{\"@type\":\"SearchAction\",\"target\":{\"@type\":\"EntryPoint\",\"urlTemplate\":\"https:\\\/\\\/goldlinetyres.com\\\/cs\\\/?s={search_term_string}\"},\"query-input\":{\"@type\":\"PropertyValueSpecification\",\"valueRequired\":true,\"valueName\":\"search_term_string\"}}],\"inLanguage\":\"cs\"}]}<\/script>\n<!-- \/ Yoast SEO plugin. -->","yoast_head_json":{"title":"Vylou\u010den\u00ed odpov\u011bdnosti | Pneumatiky Goldline","robots":{"index":"index","follow":"follow","max-snippet":"max-snippet:-1","max-image-preview":"max-image-preview:large","max-video-preview":"max-video-preview:-1"},"canonical":"https:\/\/goldlinetyres.com\/cs\/vylouceni-odpovednosti\/","og_locale":"cs_CZ","og_type":"article","og_title":"Vylou\u010den\u00ed odpov\u011bdnosti | Pneumatiky Goldline","og_description":"Vylou\u010den\u00ed odpov\u011bdnosti Although this website has been compiled with the greatest possible care, Van den Ban Autobanden B.V. or any of its affiliated companies cannot guarantee that the information provided is complete, correct, and up to date. No rights can be derived from or claims made based on the content of this website. Van den [&hellip;]","og_url":"https:\/\/goldlinetyres.com\/cs\/vylouceni-odpovednosti\/","og_site_name":"Goldline tyres","article_modified_time":"2025-05-14T11:59:06+00:00","twitter_card":"summary_large_image","twitter_misc":{"Odhadovan\u00e1 doba \u010dten\u00ed":"1 minuta"},"schema":{"@context":"https:\/\/schema.org","@graph":[{"@type":"WebPage","@id":"https:\/\/goldlinetyres.com\/cs\/vylouceni-odpovednosti\/","url":"https:\/\/goldlinetyres.com\/cs\/vylouceni-odpovednosti\/","name":"Vylou\u010den\u00ed odpov\u011bdnosti | Pneumatiky Goldline","isPartOf":{"@id":"https:\/\/goldlinetyres.com\/cs\/#website"},"datePublished":"2025-05-09T08:26:04+00:00","dateModified":"2025-05-14T11:59:06+00:00","breadcrumb":{"@id":"https:\/\/goldlinetyres.com\/cs\/vylouceni-odpovednosti\/#breadcrumb"},"inLanguage":"cs","potentialAction":[{"@type":"ReadAction","target":["https:\/\/goldlinetyres.com\/cs\/vylouceni-odpovednosti\/"]}]},{"@type":"BreadcrumbList","@id":"https:\/\/goldlinetyres.com\/cs\/vylouceni-odpovednosti\/#breadcrumb","itemListElement":[{"@type":"ListItem","position":1,"name":"Home","item":"https:\/\/goldlinetyres.com\/cs\/"},{"@type":"ListItem","position":2,"name":"Vylou\u010den\u00ed odpov\u011bdnosti"}]},{"@type":"WebSite","@id":"https:\/\/goldlinetyres.com\/cs\/#website","url":"https:\/\/goldlinetyres.com\/cs\/","name":"Goldline tyres","description":"Any road is mine","alternateName":"Any road is mine","potentialAction":[{"@type":"SearchAction","target":{"@type":"EntryPoint","urlTemplate":"https:\/\/goldlinetyres.com\/cs\/?s={search_term_string}"},"query-input":{"@type":"PropertyValueSpecification","valueRequired":true,"valueName":"search_term_string"}}],"inLanguage":"cs"}]}},"_links":{"self":[{"href":"https:\/\/goldlinetyres.com\/cs\/wp-json\/wp\/v2\/pages\/1073","targetHints":{"allow":["GET"]}}],"collection":[{"href":"https:\/\/goldlinetyres.com\/cs\/wp-json\/wp\/v2\/pages"}],"about":[{"href":"https:\/\/goldlinetyres.com\/cs\/wp-json\/wp\/v2\/types\/page"}],"author":[{"embeddable":true,"href":"https:\/\/goldlinetyres.com\/cs\/wp-json\/wp\/v2\/users\/1"}],"replies":[{"embeddable":true,"href":"https:\/\/goldlinetyres.com\/cs\/wp-json\/wp\/v2\/comments?post=1073"}],"version-history":[{"count":7,"href":"https:\/\/goldlinetyres.com\/cs\/wp-json\/wp\/v2\/pages\/1073\/revisions"}],"predecessor-version":[{"id":3129,"href":"https:\/\/goldlinetyres.com\/cs\/wp-json\/wp\/v2\/pages\/1073\/revisions\/3129"}],"wp:attachment":[{"href":"https:\/\/goldlinetyres.com\/cs\/wp-json\/wp\/v2\/media?parent=1073"}],"curies":[{"name":"wp","href":"https:\/\/api.w.org\/{rel}","templated":true}]}}